
{"id":4329,"date":"2026-01-15T22:16:31","date_gmt":"2026-01-15T22:16:31","guid":{"rendered":"https:\/\/www.prich.ec\/?page_id=4329"},"modified":"2026-01-19T14:59:33","modified_gmt":"2026-01-19T14:59:33","slug":"politica-de-cookies","status":"publish","type":"page","link":"https:\/\/www.prich.ec\/?page_id=4329","title":{"rendered":"Pol\u00edtica de cookies"},"content":{"rendered":"\n<p><strong>Pol\u00edtica de cookies de PRICHSOUTH TECNOLOGIAS DEL SUR S.A. (\u201cPRICH\u201d)<\/strong><\/p>\n\n\n\n<p>Este documento contiene la Pol\u00edtica de Cookies de PRICHSOUTH TECNOLOGIAS DEL SUR S.A. (\u201cPRICH\u201d) (\u00abPol\u00edtica\u00bb). El objetivo de esta Pol\u00edtica es proporcionarle informaci\u00f3n clara y accesible acerca de las cookies que se utiliza, la funci\u00f3n que desempe\u00f1an y las opciones que tiene en cuanto a la configuraci\u00f3n de sus cookies con relaci\u00f3n al uso de esta p\u00e1gina web institucional <a href=\"https:\/\/www.phuyu.ec\">https:\/\/www.phuyu.ec<\/a>.<\/p>\n\n\n\n<p><strong><u>1. \u00bfQu\u00e9 son las cookies y otras tecnolog\u00edas similares?<\/u><\/strong><\/p>\n\n\n\n<p>Las cookies son archivos de texto que se descargan en el dispositivo cuando usted visita un sitio web. Son \u00fatiles, porque le permiten a un sitio web reconocer el dispositivo de un usuario. El t\u00e9rmino \u00abcookie\u00bb en realidad se refiere a una amplia gama de tecnolog\u00edas, entre las que se incluyen:<\/p>\n\n\n\n<ul><li>etiquetas de p\u00edxel (im\u00e1genes gr\u00e1ficas transparentes que se ubican en una p\u00e1gina web o en un email, y que indican que se ha visto una p\u00e1gina o un email),<\/li><li>identificadores de dispositivos m\u00f3viles, y<\/li><li>almacenamiento web utilizado en un software de escritorio o en dispositivos m\u00f3viles.<\/li><\/ul>\n\n\n\n<p>En esta Pol\u00edtica utilizaremos el t\u00e9rmino \u00abcookie\u00bb para referirnos a todas estas tecnolog\u00edas, pero nos aseguraremos de proporcionarle detalles claros sobre todas ellas, de manera que pueda tomar decisiones fundamentadas acerca de la configuraci\u00f3n de sus cookies.<\/p>\n\n\n\n<p>Las cookies tienen muchas funciones, como permitirle navegar entre p\u00e1ginas de forma eficaz, recordar sus preferencias y, en general, mejorar su experiencia de usuario. Tambi\u00e9n pueden ayudar a garantizar que los anuncios que vea en l\u00ednea sean m\u00e1s pertinentes para usted y sus intereses.<\/p>\n\n\n\n<p>Existen algunas categor\u00edas distintas de cookies, entre las que se incluyen:<\/p>\n\n\n\n<ul><li>Cookies de sesi\u00f3n y persistentes.<ul><li>Cookies de sesi\u00f3n: son cookies que vencen una vez que cierra su navegador web.<\/li><\/ul><ul><li>Cookies persistentes: estas son cookies que permanecen en su dispositivo durante un tiempo establecido o hasta que las elimine.<\/li><\/ul><\/li><li>Cookies propias y de terceros.<ul><li>Cookies propias: estas son cookies que establece el sitio web que est\u00e1 visitando en ese momento, ya sea de nuestra parte o por solicitud nuestra a un tercero.<\/li><\/ul><ul><li>Cookies de terceros: estas son cookies que establece una entidad distinta del sitio web que est\u00e1 visitando. Si visita el sitio web de <a href=\"https:\/\/www.phuyu.ec\">https:\/\/www.phuyu.ec<\/a> y otra entidad establece una cookie a trav\u00e9s de ese sitio web, ser\u00eda una cookie de terceros.<\/li><\/ul><\/li><\/ul>\n\n\n\n<p>Las cookies tambi\u00e9n difieren en funci\u00f3n del prop\u00f3sito para el cual se utilicen, entre ellos:<\/p>\n\n\n\n<figure class=\"wp-block-table\"><table><tbody><tr><td><strong>Tipo de cookie<\/strong><strong><\/strong><\/td><td><strong>Prop\u00f3sito<\/strong><strong><\/strong><\/td><\/tr><tr><td><strong>Cookies estrictamente necesarias<\/strong><\/td><td>Estas cookies son fundamentales para permitirle utilizar las funciones de nuestros servicios. Sin estas cookies, no se podr\u00e1n proporcionar los servicios que haya solicitado (por ejemplo, la facturaci\u00f3n electr\u00f3nica).<br>En resumen, estas cookies permiten el uso de servicios que usted haya solicitado espec\u00edficamente y facilitan el uso de nuestros servicios.<\/td><\/tr><tr><td><strong>Cookies de rendimiento<\/strong><\/td><td>Estas cookies recopilan informaci\u00f3n acerca de c\u00f3mo los visitantes utilizan nuestros servicios. Estas cookies recopilan informaci\u00f3n an\u00f3nima sobre las p\u00e1ginas visitadas. Toda la informaci\u00f3n que estas cookies recopilan es informaci\u00f3n combinada y, por lo tanto, es an\u00f3nima. Solo se utiliza para mejorar el rendimiento de nuestros servicios.<br>Los an\u00e1lisis web en los que se utilizan cookies para recopilar datos a fin de mejorar el rendimiento de un sitio web pertenecen a esta categor\u00eda. Por ejemplo, se pueden utilizar para probar dise\u00f1os y garantizar que se mantenga una apariencia constante para el usuario. En esta categor\u00eda no se incluyen las cookies utilizadas para redes publicitarias orientadas o por comportamiento.<\/td><\/tr><tr><td><strong>Cookies de funcionalidad<\/strong><\/td><td>Estas cookies le permiten al sitio web recordar las selecciones que realiza (como su nombre de usuario, su idioma o la regi\u00f3n en la que se encuentra) y ofrecer funciones mejores y m\u00e1s personales. Estas cookies tambi\u00e9n se pueden utilizar para recordar los cambios que haya realizado en el tama\u00f1o de texto, las fuentes y otras caracter\u00edsticas de las p\u00e1ginas web que puede personalizar. La informaci\u00f3n que estas cookies recopilan se puede anonimizar y no podr\u00e1n realizar un seguimiento de su actividad de navegaci\u00f3n en otros sitios web.<br>Estas cookies recuerdan sus elecciones para mejorar su experiencia.<br>Si se utiliza la misma cookie para volver a realizar una focalizaci\u00f3n, tambi\u00e9n se debe incluir en la categor\u00eda de \u00abcookies de focalizaci\u00f3n o publicidad\u00bb. Tambi\u00e9n podr\u00eda incluir cookies que se utilizan para proporcionar una funci\u00f3n espec\u00edfica, pero en caso de que esa funci\u00f3n incluya cookies utilizadas para redes publicitarias orientadas o por comportamiento, se deben incluir en la categor\u00eda \u00abcookies de focalizaci\u00f3n o publicidad\u00bb, as\u00ed como en esta categor\u00eda.<\/td><\/tr><tr><td><strong>Cookies de focalizaci\u00f3n o publicidad<\/strong><\/td><td>Estas cookies se utilizan para ofrecer anuncios m\u00e1s pertinentes para usted y sus intereses. Tambi\u00e9n se utilizan para limitar la cantidad de veces que ve un anuncio, as\u00ed como para ayudar a medir la eficacia de las campa\u00f1as de publicidad. Generalmente las colocan las redes de publicidad con el permiso del operador del sitio web. Estas recuerdan los sitios web que haya visitado y comparten esta informaci\u00f3n con otras organizaciones, como publicistas. Muy a menudo las cookies de focalizaci\u00f3n o publicidad se vincular\u00e1n con la funcionalidad del sitio proporcionada por otras organizaciones.<br>Estas cookies recopilan informaci\u00f3n acerca de sus h\u00e1bitos de navegaci\u00f3n para que la publicidad sea pertinente para usted y sus intereses.<\/td><\/tr><\/tbody><\/table><\/figure>\n\n\n\n<p><strong><u>2. C\u00f3mo utilizamos cookies<\/u><\/strong><\/p>\n\n\n\n<p>El sitio web de <a href=\"https:\/\/www.phuyu.ec\">https:\/\/www.phuyu.ec<\/a>, que act\u00faan en nuestro nombre, utilizan los tipos de cookies identificados anteriormente en la secci\u00f3n 1 de las siguientes maneras:<\/p>\n\n\n\n<figure class=\"wp-block-table\"><table><tbody><tr><td><strong>Tipo de cookie<\/strong><strong><\/strong><\/td><td><strong>Prop\u00f3sito<\/strong><strong><\/strong><\/td><\/tr><tr><td>Estrictamente necesarias<\/td><td>Estas cookies son necesarias para que podamos brindar el servicio de sitio web como usted lo haya solicitado. Por ejemplo, nos permiten reconocer qu\u00e9 tipo de suscriptor es y luego proporcionarle servicios seg\u00fan corresponda.<\/td><\/tr><tr><td>Rendimiento o an\u00e1lisis<\/td><td>Utilizamos cookies y otras tecnolog\u00edas similares para analizar la manera en que se accede, se utiliza o funciona el servicio de sitio web. Utilizamos esta informaci\u00f3n para mantener, operar y mejorar continuamente el servicio de sitio web. Tambi\u00e9n podemos obtener informaci\u00f3n de nuestros boletines de email u otras comunicaciones que le enviemos, incluso si abri\u00f3 o reenvi\u00f3 un bolet\u00edn o hizo clic en cualquier parte de su contenido. Esta informaci\u00f3n nos muestra la eficacia de nuestros boletines y nos permite asegurarnos de estar entregando informaci\u00f3n que le parezca interesante.<\/td><\/tr><tr><td>Funcionales<\/td><td>Estas cookies nos permiten operar el servicio de sitio web seg\u00fan sus preferencias. Por ejemplo, cuando sigue utilizando el servicio de sitio web o vuelve a este, podemos ofrecerle nuestros servicios en funci\u00f3n de la informaci\u00f3n que nos proporciona, como recordar su nombre de usuario, c\u00f3mo ha personalizado nuestros servicios y record\u00e1ndole el contenido que haya visitado.<\/td><\/tr><tr><td>Publicidad orientada<\/td><td>Utilizamos estas cookies y otras tecnolog\u00edas similares para ofrecerle anuncios que pueden ser pertinentes para usted y sus intereses, incluida la publicidad basada en intereses. La informaci\u00f3n tambi\u00e9n puede se puede utilizar para registrar la cantidad de veces que ha visto un determinado anuncio, para asegurarnos de no mostrarle el mismo anuncio repetidas veces y para poder medir su eficacia.<\/td><\/tr><tr><td><strong>Terceros<\/strong><strong><\/strong><\/td><td>Podemos permitir que nuestros socios comerciales&nbsp;utilicen cookies u otras tecnolog\u00edas similares en el servicio de sitio web o fuera de este para los mismos fines identificados anteriormente, incluida la recopilaci\u00f3n de informaci\u00f3n acerca de sus actividades en l\u00ednea con el paso del tiempo y en distintos sitios web, aplicaciones o dispositivos.<\/td><\/tr><\/tbody><\/table><\/figure>\n\n\n\n<p><strong><u>3. C\u00f3mo administrar sus preferencias de cookies<\/u><\/strong><\/p>\n\n\n\n<p><em><u>Cookies del navegador<\/u><\/em><\/p>\n\n\n\n<p>Puede retirar o modificar su consentimiento a nuestro uso de las cookies en cualquier momento. Si ya no desea recibir cookies, puede utilizar la configuraci\u00f3n de su navegador web para aceptar, rechazar y eliminar las cookies. Para ello, siga las instrucciones proporcionadas en su navegador (normalmente se encuentran en los ajustes de \u00abAyuda\u00bb, \u00abHerramientas\u00bb o \u00abEditar\u00bb).<\/p>\n\n\n\n<p><em><u>Identificadores m\u00f3viles<\/u><\/em><\/p>\n\n\n\n<p>En su dispositivo m\u00f3vil, el sistema operativo puede proporcionar opciones adicionales para elegir no recibir publicidad en funci\u00f3n de sus intereses o restablecer sus identificadores m\u00f3viles. Por ejemplo, puede utilizar el ajuste \u00abLimit Ad Tracking\u00bb (Limitar el seguimiento de anuncios) (en dispositivos iOS) o un ajuste para \u00abOpt out of Interest-Based Ads\u00bb (Dejar de recibir anuncios en funci\u00f3n de mis intereses) (en Android), lo que le permite limitar el uso de la informaci\u00f3n acerca de su uso de las aplicaciones con el fin de ofrecer anuncios orientados a sus intereses.<\/p>\n\n\n\n<p><em><u>Publicidad basada en intereses<\/u><\/em><\/p>\n\n\n\n<p>Ciertos anuncios orientados que nosotros (o un proveedor de servicios que act\u00fae en nuestro nombre) le mostramos en funci\u00f3n de la informaci\u00f3n acerca de sus actividades en l\u00ednea en sitios web y otras propiedades interactivas operadas por terceros podr\u00edan incluir el \u00edcono de \u00abAdChoices\u00bb u otro mecanismo para dejar de recibir anuncios basados en intereses. Puede hacer clic en el \u00edcono AdChoices o visitar www.aboutads.info para recibir m\u00e1s informaci\u00f3n sobre la recopilaci\u00f3n y el uso de informaci\u00f3n acerca de sus actividades en l\u00ednea para recibir publicidad basada en sus intereses o para saber c\u00f3mo impedir que sus datos sean utilizados para la publicidad basada en intereses por parte de empresas participantes de Digital Advertising Alliance (DAA).<\/p>\n\n\n\n<p>La herramienta de deshabilitaci\u00f3n de NAI (Network Advertising Initiative, Iniciativa de Publicidad en Red) en www.networkadvertising.org\/choices le permite impedir que se utilice la informaci\u00f3n sobre sus actividades en l\u00ednea para que las empresas pertenecientes a NAI publiciten anuncios basados en intereses.<\/p>\n\n\n\n<p>Tenga en cuenta que si deshabilita las cookies que permiten la publicidad basada en intereses no dejar\u00e1 de recibir publicidad; simplemente, dejar\u00e1 de recibir anuncios de acuerdo con sus preferencias o datos de uso.<\/p>\n\n\n\n<p><strong><u>4. Actualizaciones de esta Pol\u00edtica<\/u><\/strong><\/p>\n\n\n\n<p>Si realizamos cambios importantes en esta pol\u00edtica, se lo avisaremos en forma adecuada, por ejemplo, mediante un aviso destacado dentro de este sitio o a trav\u00e9s de un email.<\/p>\n\n\n\n<p><strong><u>5. C\u00f3mo comunicarse con nosotros<\/u><\/strong><\/p>\n\n\n\n<p>Si tiene cualquier pregunta sobre esta Pol\u00edtica, puede ponerse en contacto con nosotros utilizando enviando un correo electr\u00f3nico <a href=\"mailto:datos.personales@prich.ec\" data-type=\"mailto\" data-id=\"mailto:datos.personales@prich.ec\">datos.personales@prich.ec.<\/a><\/p>\n","protected":false},"excerpt":{"rendered":"<p>Pol\u00edtica de cookies de PRICHSOUTH TECNOLOGIAS DEL SUR S.A. (\u201cPRICH\u201d) Este documento contiene la Pol\u00edtica de Cookies de PRICHSOUTH TECNOLOGIAS DEL SUR S.A. (\u201cPRICH\u201d) (\u00abPol\u00edtica\u00bb). El objetivo de esta Pol\u00edtica es proporcionarle informaci\u00f3n clara y accesible acerca de las cookies que se utiliza, la funci\u00f3n que desempe\u00f1an y las opciones [&hellip;]<\/p>\n","protected":false},"author":1,"featured_media":0,"parent":0,"menu_order":0,"comment_status":"closed","ping_status":"closed","template":"","meta":[],"_links":{"self":[{"href":"https:\/\/www.prich.ec\/index.php?rest_route=\/wp\/v2\/pages\/4329"}],"collection":[{"href":"https:\/\/www.prich.ec\/index.php?rest_route=\/wp\/v2\/pages"}],"about":[{"href":"https:\/\/www.prich.ec\/index.php?rest_route=\/wp\/v2\/types\/page"}],"author":[{"embeddable":true,"href":"https:\/\/www.prich.ec\/index.php?rest_route=\/wp\/v2\/users\/1"}],"replies":[{"embeddable":true,"href":"https:\/\/www.prich.ec\/index.php?rest_route=%2Fwp%2Fv2%2Fcomments&post=4329"}],"version-history":[{"count":4,"href":"https:\/\/www.prich.ec\/index.php?rest_route=\/wp\/v2\/pages\/4329\/revisions"}],"predecessor-version":[{"id":4348,"href":"https:\/\/www.prich.ec\/index.php?rest_route=\/wp\/v2\/pages\/4329\/revisions\/4348"}],"wp:attachment":[{"href":"https:\/\/www.prich.ec\/index.php?rest_route=%2Fwp%2Fv2%2Fmedia&parent=4329"}],"curies":[{"name":"wp","href":"https:\/\/api.w.org\/{rel}","templated":true}]}}