{"id":4020,"date":"2021-01-23T17:37:20","date_gmt":"2021-01-23T17:37:20","guid":{"rendered":"http:\/\/www.prich.org\/webprich\/?page_id=4020"},"modified":"2021-01-23T17:40:37","modified_gmt":"2021-01-23T17:40:37","slug":"plataforma-de-receta-medica-electronica","status":"publish","type":"page","link":"https:\/\/www.prich.ec\/?page_id=4020","title":{"rendered":"Plataforma de Receta M\u00e9dica Electr\u00f3nica"},"content":{"rendered":"\t\t<div data-elementor-type=\"wp-page\" data-elementor-id=\"4020\" class=\"elementor elementor-4020\">\n\t\t\t\t\t\t<section class=\"elementor-section elementor-top-section elementor-element elementor-element-54107eb elementor-section-content-middle elementor-section-boxed elementor-section-height-default elementor-section-height-default\" data-id=\"54107eb\" data-element_type=\"section\" data-e-type=\"section\">\n\t\t\t\t\t\t<div class=\"elementor-container elementor-column-gap-wide\">\n\t\t\t\t\t<div class=\"elementor-column elementor-col-50 elementor-top-column elementor-element elementor-element-3b35623\" data-id=\"3b35623\" data-element_type=\"column\" data-e-type=\"column\">\n\t\t\t<div class=\"elementor-widget-wrap elementor-element-populated\">\n\t\t\t\t\t\t<div class=\"elementor-element elementor-element-70fd412 elementor-widget elementor-widget-heading\" data-id=\"70fd412\" data-element_type=\"widget\" data-e-type=\"widget\" data-widget_type=\"heading.default\">\n\t\t\t\t<div class=\"elementor-widget-container\">\n\t\t\t\t\t<h4 class=\"elementor-heading-title elementor-size-default\">Plataforma de Receta M\u00e9dica Electr\u00f3nica\n<\/h4>\t\t\t\t<\/div>\n\t\t\t\t<\/div>\n\t\t\t\t<div class=\"elementor-element elementor-element-41cacf7 elementor-widget elementor-widget-text-editor\" data-id=\"41cacf7\" data-element_type=\"widget\" data-e-type=\"widget\" data-widget_type=\"text-editor.default\">\n\t\t\t\t<div class=\"elementor-widget-container\">\n\t\t\t\t\t\t\t\t\t<p>Gesti\u00f3n, registro y env\u00edo digital de recetas m\u00e9dicas por parte de m\u00e9dicos que permite mayor seguridad, organizaci\u00f3n y evita errores humanos en el momento de la entrega de medicaci\u00f3n.<\/p>\t\t\t\t\t\t\t\t<\/div>\n\t\t\t\t<\/div>\n\t\t\t\t<div class=\"elementor-element elementor-element-ddbdc46 elementor-widget elementor-widget-text-editor\" data-id=\"ddbdc46\" data-element_type=\"widget\" data-e-type=\"widget\" data-widget_type=\"text-editor.default\">\n\t\t\t\t<div class=\"elementor-widget-container\">\n\t\t\t\t\t\t\t\t\t<p>____________<\/p>\t\t\t\t\t\t\t\t<\/div>\n\t\t\t\t<\/div>\n\t\t\t\t\t<\/div>\n\t\t<\/div>\n\t\t\t\t<div class=\"elementor-column elementor-col-50 elementor-top-column elementor-element elementor-element-d9cb836\" data-id=\"d9cb836\" data-element_type=\"column\" data-e-type=\"column\">\n\t\t\t<div class=\"elementor-widget-wrap elementor-element-populated\">\n\t\t\t\t\t\t<div class=\"elementor-element elementor-element-6ff55ef elementor-widget elementor-widget-image\" data-id=\"6ff55ef\" data-element_type=\"widget\" data-e-type=\"widget\" data-widget_type=\"image.default\">\n\t\t\t\t<div class=\"elementor-widget-container\">\n\t\t\t\t\t\t\t\t\t\t\t\t\t\t\t<img fetchpriority=\"high\" decoding=\"async\" width=\"1024\" height=\"683\" src=\"https:\/\/www.prich.ec\/wp-content\/uploads\/2021\/01\/doctor-talking-with2-1024x683.jpg\" class=\"attachment-large size-large wp-image-4021\" alt=\"\" srcset=\"https:\/\/www.prich.ec\/wp-content\/uploads\/2021\/01\/doctor-talking-with2-1024x683.jpg 1024w, https:\/\/www.prich.ec\/wp-content\/uploads\/2021\/01\/doctor-talking-with2-300x200.jpg 300w, https:\/\/www.prich.ec\/wp-content\/uploads\/2021\/01\/doctor-talking-with2-768x513.jpg 768w, https:\/\/www.prich.ec\/wp-content\/uploads\/2021\/01\/doctor-talking-with2-1536x1025.jpg 1536w, https:\/\/www.prich.ec\/wp-content\/uploads\/2021\/01\/doctor-talking-with2-2048x1367.jpg 2048w\" sizes=\"(max-width: 1024px) 100vw, 1024px\" \/>\t\t\t\t\t\t\t\t\t\t\t\t\t\t\t<\/div>\n\t\t\t\t<\/div>\n\t\t\t\t\t<\/div>\n\t\t<\/div>\n\t\t\t\t\t<\/div>\n\t\t<\/section>\n\t\t\t\t<\/div>\n\t\t","protected":false},"excerpt":{"rendered":"<p>Plataforma de Receta M\u00e9dica Electr\u00f3nica Gesti\u00f3n, registro y env\u00edo digital de recetas m\u00e9dicas por parte de m\u00e9dicos que permite mayor seguridad, organizaci\u00f3n y evita errores humanos en el momento de la entrega de medicaci\u00f3n. ____________<\/p>\n","protected":false},"author":1,"featured_media":0,"parent":0,"menu_order":0,"comment_status":"closed","ping_status":"closed","template":"","meta":{"footnotes":""},"class_list":["post-4020","page","type-page","status-publish","hentry"],"_links":{"self":[{"href":"https:\/\/www.prich.ec\/index.php?rest_route=\/wp\/v2\/pages\/4020","targetHints":{"allow":["GET"]}}],"collection":[{"href":"https:\/\/www.prich.ec\/index.php?rest_route=\/wp\/v2\/pages"}],"about":[{"href":"https:\/\/www.prich.ec\/index.php?rest_route=\/wp\/v2\/types\/page"}],"author":[{"embeddable":true,"href":"https:\/\/www.prich.ec\/index.php?rest_route=\/wp\/v2\/users\/1"}],"replies":[{"embeddable":true,"href":"https:\/\/www.prich.ec\/index.php?rest_route=%2Fwp%2Fv2%2Fcomments&post=4020"}],"version-history":[{"count":13,"href":"https:\/\/www.prich.ec\/index.php?rest_route=\/wp\/v2\/pages\/4020\/revisions"}],"predecessor-version":[{"id":4036,"href":"https:\/\/www.prich.ec\/index.php?rest_route=\/wp\/v2\/pages\/4020\/revisions\/4036"}],"wp:attachment":[{"href":"https:\/\/www.prich.ec\/index.php?rest_route=%2Fwp%2Fv2%2Fmedia&parent=4020"}],"curies":[{"name":"wp","href":"https:\/\/api.w.org\/{rel}","templated":true}]}}