{"id":2905,"date":"2021-01-08T13:00:51","date_gmt":"2021-01-08T13:00:51","guid":{"rendered":"http:\/\/www.prich.org\/webprich\/?page_id=2905"},"modified":"2021-01-20T04:49:16","modified_gmt":"2021-01-20T04:49:16","slug":"servicios-de-consultoria-capacitacion-y-asistencias","status":"publish","type":"page","link":"https:\/\/www.prich.ec\/?page_id=2905","title":{"rendered":"Servicios de consultor\u00eda capacitaci\u00f3n y asistencias"},"content":{"rendered":"\t\t<div data-elementor-type=\"wp-page\" data-elementor-id=\"2905\" class=\"elementor elementor-2905\">\n\t\t\t\t\t\t<section class=\"elementor-section elementor-top-section elementor-element elementor-element-978758b elementor-section-boxed elementor-section-height-default elementor-section-height-default\" data-id=\"978758b\" data-element_type=\"section\" data-e-type=\"section\">\n\t\t\t\t\t\t<div class=\"elementor-container elementor-column-gap-default\">\n\t\t\t\t\t<div class=\"elementor-column elementor-col-100 elementor-top-column elementor-element elementor-element-361840f\" data-id=\"361840f\" data-element_type=\"column\" data-e-type=\"column\">\n\t\t\t<div class=\"elementor-widget-wrap elementor-element-populated\">\n\t\t\t\t\t\t<div class=\"elementor-element elementor-element-9ce5ee7 elementor-widget elementor-widget-heading\" data-id=\"9ce5ee7\" data-element_type=\"widget\" data-e-type=\"widget\" data-widget_type=\"heading.default\">\n\t\t\t\t<div class=\"elementor-widget-container\">\n\t\t\t\t\t<h2 class=\"elementor-heading-title elementor-size-default\">Servicios de Consultor\u00eda, Capacitaci\u00f3n y Asistencias<\/h2>\t\t\t\t<\/div>\n\t\t\t\t<\/div>\n\t\t\t\t<div class=\"elementor-element elementor-element-5babd7e elementor-widget elementor-widget-spacer\" data-id=\"5babd7e\" data-element_type=\"widget\" data-e-type=\"widget\" data-widget_type=\"spacer.default\">\n\t\t\t\t<div class=\"elementor-widget-container\">\n\t\t\t\t\t\t\t<div class=\"elementor-spacer\">\n\t\t\t<div class=\"elementor-spacer-inner\"><\/div>\n\t\t<\/div>\n\t\t\t\t\t\t<\/div>\n\t\t\t\t<\/div>\n\t\t\t\t<div class=\"elementor-element elementor-element-fb12207 elementor-widget elementor-widget-text-editor\" data-id=\"fb12207\" data-element_type=\"widget\" data-e-type=\"widget\" data-widget_type=\"text-editor.default\">\n\t\t\t\t<div class=\"elementor-widget-container\">\n\t\t\t\t\t\t\t\t\t<p>Brindamos el apoyo y experiencia necesarios para plasmar la misi\u00f3n y visi\u00f3n de su empresa en cada uno de sus procesos, y apoyamos en el dise\u00f1o necesario para potenciar el uso e impacto de sus soluciones tecnol\u00f3gicas.<\/p>\t\t\t\t\t\t\t\t<\/div>\n\t\t\t\t<\/div>\n\t\t\t\t<div class=\"elementor-element elementor-element-6ba70b9 elementor-widget elementor-widget-spacer\" data-id=\"6ba70b9\" data-element_type=\"widget\" data-e-type=\"widget\" data-widget_type=\"spacer.default\">\n\t\t\t\t<div class=\"elementor-widget-container\">\n\t\t\t\t\t\t\t<div class=\"elementor-spacer\">\n\t\t\t<div class=\"elementor-spacer-inner\"><\/div>\n\t\t<\/div>\n\t\t\t\t\t\t<\/div>\n\t\t\t\t<\/div>\n\t\t\t\t\t<\/div>\n\t\t<\/div>\n\t\t\t\t\t<\/div>\n\t\t<\/section>\n\t\t\t\t<section class=\"elementor-section elementor-top-section elementor-element elementor-element-3a833f5 elementor-section-content-middle elementor-section-boxed elementor-section-height-default elementor-section-height-default\" data-id=\"3a833f5\" data-element_type=\"section\" data-e-type=\"section\">\n\t\t\t\t\t\t<div class=\"elementor-container elementor-column-gap-wide\">\n\t\t\t\t\t<div class=\"elementor-column elementor-col-50 elementor-top-column elementor-element elementor-element-1eba9c9\" data-id=\"1eba9c9\" data-element_type=\"column\" data-e-type=\"column\">\n\t\t\t<div class=\"elementor-widget-wrap elementor-element-populated\">\n\t\t\t\t\t\t<div class=\"elementor-element elementor-element-872dcb0 elementor-widget elementor-widget-text-editor\" data-id=\"872dcb0\" data-element_type=\"widget\" data-e-type=\"widget\" data-widget_type=\"text-editor.default\">\n\t\t\t\t<div class=\"elementor-widget-container\">\n\t\t\t\t\t\t\t\t\t<p><img decoding=\"async\" class=\"alignnone wp-image-1945\" src=\"http:\/\/www.prich.org\/webprich\/wp-content\/uploads\/2020\/12\/fav-icon-300x300.png\" sizes=\"(max-width: 11px) 100vw, 11px\" srcset=\"http:\/\/www.prich.org\/webprich\/wp-content\/uploads\/2020\/12\/fav-icon-300x300.png 300w, http:\/\/www.prich.org\/webprich\/wp-content\/uploads\/2020\/12\/fav-icon-150x150.png 150w, http:\/\/www.prich.org\/webprich\/wp-content\/uploads\/2020\/12\/fav-icon.png 497w, http:\/\/www.prich.org\/webprich\/wp-content\/uploads\/2020\/12\/fav-icon-90x90.png 90w\" alt=\"\" width=\"11\" height=\"11\" \/>\u00a0 Consultor\u00eda y Capacitaci\u00f3n<br \/><img decoding=\"async\" class=\"alignnone wp-image-1945\" src=\"http:\/\/www.prich.org\/webprich\/wp-content\/uploads\/2020\/12\/fav-icon-300x300.png\" sizes=\"(max-width: 11px) 100vw, 11px\" srcset=\"http:\/\/www.prich.org\/webprich\/wp-content\/uploads\/2020\/12\/fav-icon-300x300.png 300w, http:\/\/www.prich.org\/webprich\/wp-content\/uploads\/2020\/12\/fav-icon-150x150.png 150w, http:\/\/www.prich.org\/webprich\/wp-content\/uploads\/2020\/12\/fav-icon.png 497w, http:\/\/www.prich.org\/webprich\/wp-content\/uploads\/2020\/12\/fav-icon-90x90.png 90w\" alt=\"\" width=\"11\" height=\"11\" \/>\u00a0 Asistencia Cibern\u00e9tica<\/p>\t\t\t\t\t\t\t\t<\/div>\n\t\t\t\t<\/div>\n\t\t\t\t\t<\/div>\n\t\t<\/div>\n\t\t\t\t<div class=\"elementor-column elementor-col-50 elementor-top-column elementor-element elementor-element-1c9eca7\" data-id=\"1c9eca7\" data-element_type=\"column\" data-e-type=\"column\">\n\t\t\t<div class=\"elementor-widget-wrap elementor-element-populated\">\n\t\t\t\t\t\t<div class=\"elementor-element elementor-element-a497727 elementor-widget elementor-widget-image\" data-id=\"a497727\" data-element_type=\"widget\" data-e-type=\"widget\" data-widget_type=\"image.default\">\n\t\t\t\t<div class=\"elementor-widget-container\">\n\t\t\t\t\t\t\t\t\t\t\t\t\t\t\t<img fetchpriority=\"high\" decoding=\"async\" width=\"791\" height=\"528\" src=\"https:\/\/www.prich.ec\/wp-content\/uploads\/2021\/01\/students-2.jpg\" class=\"attachment-large size-large wp-image-3304\" alt=\"\" srcset=\"https:\/\/www.prich.ec\/wp-content\/uploads\/2021\/01\/students-2.jpg 791w, https:\/\/www.prich.ec\/wp-content\/uploads\/2021\/01\/students-2-300x200.jpg 300w, https:\/\/www.prich.ec\/wp-content\/uploads\/2021\/01\/students-2-768x513.jpg 768w\" sizes=\"(max-width: 791px) 100vw, 791px\" \/>\t\t\t\t\t\t\t\t\t\t\t\t\t\t\t<\/div>\n\t\t\t\t<\/div>\n\t\t\t\t\t<\/div>\n\t\t<\/div>\n\t\t\t\t\t<\/div>\n\t\t<\/section>\n\t\t\t\t<\/div>\n\t\t","protected":false},"excerpt":{"rendered":"<p>Servicios de Consultor\u00eda, Capacitaci\u00f3n y Asistencias Brindamos el apoyo y experiencia necesarios para plasmar la misi\u00f3n y visi\u00f3n de su empresa en cada uno de sus procesos, y apoyamos en el dise\u00f1o necesario para potenciar el uso e impacto de sus soluciones tecnol\u00f3gicas. \u00a0 Consultor\u00eda y Capacitaci\u00f3n\u00a0 Asistencia Cibern\u00e9tica<\/p>\n","protected":false},"author":1,"featured_media":0,"parent":0,"menu_order":0,"comment_status":"closed","ping_status":"closed","template":"","meta":{"footnotes":""},"class_list":["post-2905","page","type-page","status-publish","hentry"],"_links":{"self":[{"href":"https:\/\/www.prich.ec\/index.php?rest_route=\/wp\/v2\/pages\/2905","targetHints":{"allow":["GET"]}}],"collection":[{"href":"https:\/\/www.prich.ec\/index.php?rest_route=\/wp\/v2\/pages"}],"about":[{"href":"https:\/\/www.prich.ec\/index.php?rest_route=\/wp\/v2\/types\/page"}],"author":[{"embeddable":true,"href":"https:\/\/www.prich.ec\/index.php?rest_route=\/wp\/v2\/users\/1"}],"replies":[{"embeddable":true,"href":"https:\/\/www.prich.ec\/index.php?rest_route=%2Fwp%2Fv2%2Fcomments&post=2905"}],"version-history":[{"count":27,"href":"https:\/\/www.prich.ec\/index.php?rest_route=\/wp\/v2\/pages\/2905\/revisions"}],"predecessor-version":[{"id":3825,"href":"https:\/\/www.prich.ec\/index.php?rest_route=\/wp\/v2\/pages\/2905\/revisions\/3825"}],"wp:attachment":[{"href":"https:\/\/www.prich.ec\/index.php?rest_route=%2Fwp%2Fv2%2Fmedia&parent=2905"}],"curies":[{"name":"wp","href":"https:\/\/api.w.org\/{rel}","templated":true}]}}