{"id":2408,"date":"2021-01-03T11:41:57","date_gmt":"2021-01-03T11:41:57","guid":{"rendered":"http:\/\/www.prich.org\/webprich\/?page_id=2408"},"modified":"2021-01-11T04:16:46","modified_gmt":"2021-01-11T04:16:46","slug":"plataforma-de-telemedicina","status":"publish","type":"page","link":"https:\/\/www.prich.ec\/?page_id=2408","title":{"rendered":"Plataforma de Telemedicina"},"content":{"rendered":"\t\t<div data-elementor-type=\"wp-page\" data-elementor-id=\"2408\" class=\"elementor elementor-2408\">\n\t\t\t\t\t\t<section class=\"elementor-section elementor-top-section elementor-element elementor-element-f2471ea elementor-section-content-middle elementor-section-boxed elementor-section-height-default elementor-section-height-default\" data-id=\"f2471ea\" data-element_type=\"section\" data-e-type=\"section\">\n\t\t\t\t\t\t<div class=\"elementor-container elementor-column-gap-extended\">\n\t\t\t\t\t<div class=\"elementor-column elementor-col-50 elementor-top-column elementor-element elementor-element-63a1aac\" data-id=\"63a1aac\" data-element_type=\"column\" data-e-type=\"column\">\n\t\t\t<div class=\"elementor-widget-wrap elementor-element-populated\">\n\t\t\t\t\t\t<div class=\"elementor-element elementor-element-093efa3 elementor-widget elementor-widget-heading\" data-id=\"093efa3\" data-element_type=\"widget\" data-e-type=\"widget\" data-widget_type=\"heading.default\">\n\t\t\t\t<div class=\"elementor-widget-container\">\n\t\t\t\t\t<h3 class=\"elementor-heading-title elementor-size-default\">Plataforma de Telemedicina<\/h3>\t\t\t\t<\/div>\n\t\t\t\t<\/div>\n\t\t\t\t<div class=\"elementor-element elementor-element-be67a3f elementor-widget elementor-widget-text-editor\" data-id=\"be67a3f\" data-element_type=\"widget\" data-e-type=\"widget\" data-widget_type=\"text-editor.default\">\n\t\t\t\t<div class=\"elementor-widget-container\">\n\t\t\t\t\t\t\t\t\t<p>Comunicaci\u00f3n \u00e1gil y segura entre paciente y m\u00e9dico de forma digital (llamada, videollamada o chat) que permite agilidad en la atenci\u00f3n y reducci\u00f3n de costos.<\/p>\t\t\t\t\t\t\t\t<\/div>\n\t\t\t\t<\/div>\n\t\t\t\t<div class=\"elementor-element elementor-element-4e7fbbd elementor-widget elementor-widget-text-editor\" data-id=\"4e7fbbd\" data-element_type=\"widget\" data-e-type=\"widget\" data-widget_type=\"text-editor.default\">\n\t\t\t\t<div class=\"elementor-widget-container\">\n\t\t\t\t\t\t\t\t\t<p>_____________<\/p>\t\t\t\t\t\t\t\t<\/div>\n\t\t\t\t<\/div>\n\t\t\t\t\t<\/div>\n\t\t<\/div>\n\t\t\t\t<div class=\"elementor-column elementor-col-50 elementor-top-column elementor-element elementor-element-715929c\" data-id=\"715929c\" data-element_type=\"column\" data-e-type=\"column\">\n\t\t\t<div class=\"elementor-widget-wrap elementor-element-populated\">\n\t\t\t\t\t\t<div class=\"elementor-element elementor-element-7ab9f71 elementor-widget elementor-widget-image\" data-id=\"7ab9f71\" data-element_type=\"widget\" data-e-type=\"widget\" data-widget_type=\"image.default\">\n\t\t\t\t<div class=\"elementor-widget-container\">\n\t\t\t\t\t\t\t\t\t\t\t\t\t\t\t<img fetchpriority=\"high\" decoding=\"async\" width=\"935\" height=\"623\" src=\"https:\/\/www.prich.ec\/wp-content\/uploads\/2021\/01\/doctor-advising-patient-3.jpg\" class=\"attachment-large size-large wp-image-3079\" alt=\"\" srcset=\"https:\/\/www.prich.ec\/wp-content\/uploads\/2021\/01\/doctor-advising-patient-3.jpg 935w, https:\/\/www.prich.ec\/wp-content\/uploads\/2021\/01\/doctor-advising-patient-3-300x200.jpg 300w, https:\/\/www.prich.ec\/wp-content\/uploads\/2021\/01\/doctor-advising-patient-3-768x512.jpg 768w\" sizes=\"(max-width: 935px) 100vw, 935px\" \/>\t\t\t\t\t\t\t\t\t\t\t\t\t\t\t<\/div>\n\t\t\t\t<\/div>\n\t\t\t\t\t<\/div>\n\t\t<\/div>\n\t\t\t\t\t<\/div>\n\t\t<\/section>\n\t\t\t\t<\/div>\n\t\t","protected":false},"excerpt":{"rendered":"<p>Plataforma de Telemedicina Comunicaci\u00f3n \u00e1gil y segura entre paciente y m\u00e9dico de forma digital (llamada, videollamada o chat) que permite agilidad en la atenci\u00f3n y reducci\u00f3n de costos. _____________<\/p>\n","protected":false},"author":1,"featured_media":0,"parent":0,"menu_order":0,"comment_status":"closed","ping_status":"closed","template":"","meta":{"footnotes":""},"class_list":["post-2408","page","type-page","status-publish","hentry"],"_links":{"self":[{"href":"https:\/\/www.prich.ec\/index.php?rest_route=\/wp\/v2\/pages\/2408","targetHints":{"allow":["GET"]}}],"collection":[{"href":"https:\/\/www.prich.ec\/index.php?rest_route=\/wp\/v2\/pages"}],"about":[{"href":"https:\/\/www.prich.ec\/index.php?rest_route=\/wp\/v2\/types\/page"}],"author":[{"embeddable":true,"href":"https:\/\/www.prich.ec\/index.php?rest_route=\/wp\/v2\/users\/1"}],"replies":[{"embeddable":true,"href":"https:\/\/www.prich.ec\/index.php?rest_route=%2Fwp%2Fv2%2Fcomments&post=2408"}],"version-history":[{"count":14,"href":"https:\/\/www.prich.ec\/index.php?rest_route=\/wp\/v2\/pages\/2408\/revisions"}],"predecessor-version":[{"id":3082,"href":"https:\/\/www.prich.ec\/index.php?rest_route=\/wp\/v2\/pages\/2408\/revisions\/3082"}],"wp:attachment":[{"href":"https:\/\/www.prich.ec\/index.php?rest_route=%2Fwp%2Fv2%2Fmedia&parent=2408"}],"curies":[{"name":"wp","href":"https:\/\/api.w.org\/{rel}","templated":true}]}}