{"id":2404,"date":"2021-01-03T11:41:21","date_gmt":"2021-01-03T11:41:21","guid":{"rendered":"http:\/\/www.prich.org\/webprich\/?page_id=2404"},"modified":"2021-01-20T04:58:32","modified_gmt":"2021-01-20T04:58:32","slug":"plataforma-de-triaje-medico-remoto","status":"publish","type":"page","link":"https:\/\/www.prich.ec\/?page_id=2404","title":{"rendered":"Plataforma de Triaje M\u00e9dico Remoto"},"content":{"rendered":"\t\t<div data-elementor-type=\"wp-page\" data-elementor-id=\"2404\" class=\"elementor elementor-2404\">\n\t\t\t\t\t\t<section class=\"elementor-section elementor-top-section elementor-element elementor-element-769a2fe elementor-section-boxed elementor-section-height-default elementor-section-height-default\" data-id=\"769a2fe\" data-element_type=\"section\" data-e-type=\"section\">\n\t\t\t\t\t\t<div class=\"elementor-container elementor-column-gap-default\">\n\t\t\t\t\t<div class=\"elementor-column elementor-col-50 elementor-top-column elementor-element elementor-element-0118352\" data-id=\"0118352\" data-element_type=\"column\" data-e-type=\"column\">\n\t\t\t<div class=\"elementor-widget-wrap elementor-element-populated\">\n\t\t\t\t\t\t<div class=\"elementor-element elementor-element-8c7bd91 elementor-widget elementor-widget-heading\" data-id=\"8c7bd91\" data-element_type=\"widget\" data-e-type=\"widget\" data-widget_type=\"heading.default\">\n\t\t\t\t<div class=\"elementor-widget-container\">\n\t\t\t\t\t<h3 class=\"elementor-heading-title elementor-size-default\">Plataforma de Triaje M\u00e9dico Remoto<\/h3>\t\t\t\t<\/div>\n\t\t\t\t<\/div>\n\t\t\t\t<div class=\"elementor-element elementor-element-771b7ce elementor-widget elementor-widget-text-editor\" data-id=\"771b7ce\" data-element_type=\"widget\" data-e-type=\"widget\" data-widget_type=\"text-editor.default\">\n\t\t\t\t<div class=\"elementor-widget-container\">\n\t\t\t\t\t\t\t\t\t<p>Plataforma que permite la clasificaci\u00f3n de pacientes por la criticidad de s\u00edntomas para aplicar estrategias integrales para la atenci\u00f3n ambulatoria y\/o de emergencia.<\/p>\t\t\t\t\t\t\t\t<\/div>\n\t\t\t\t<\/div>\n\t\t\t\t<div class=\"elementor-element elementor-element-5738230 elementor-widget elementor-widget-text-editor\" data-id=\"5738230\" data-element_type=\"widget\" data-e-type=\"widget\" data-widget_type=\"text-editor.default\">\n\t\t\t\t<div class=\"elementor-widget-container\">\n\t\t\t\t\t\t\t\t\t<p>_________________<\/p>\t\t\t\t\t\t\t\t<\/div>\n\t\t\t\t<\/div>\n\t\t\t\t\t<\/div>\n\t\t<\/div>\n\t\t\t\t<div class=\"elementor-column elementor-col-50 elementor-top-column elementor-element elementor-element-07339ce\" data-id=\"07339ce\" data-element_type=\"column\" data-e-type=\"column\">\n\t\t\t<div class=\"elementor-widget-wrap elementor-element-populated\">\n\t\t\t\t\t\t<div class=\"elementor-element elementor-element-90c17be elementor-widget elementor-widget-image\" data-id=\"90c17be\" data-element_type=\"widget\" data-e-type=\"widget\" data-widget_type=\"image.default\">\n\t\t\t\t<div class=\"elementor-widget-container\">\n\t\t\t\t\t\t\t\t\t\t\t\t\t\t\t<img fetchpriority=\"high\" decoding=\"async\" width=\"1024\" height=\"597\" src=\"https:\/\/www.prich.ec\/wp-content\/uploads\/2021\/01\/medicine-doctor-3-1024x597.jpg\" class=\"attachment-large size-large wp-image-3071\" alt=\"\" srcset=\"https:\/\/www.prich.ec\/wp-content\/uploads\/2021\/01\/medicine-doctor-3-1024x597.jpg 1024w, https:\/\/www.prich.ec\/wp-content\/uploads\/2021\/01\/medicine-doctor-3-300x175.jpg 300w, https:\/\/www.prich.ec\/wp-content\/uploads\/2021\/01\/medicine-doctor-3-768x448.jpg 768w, https:\/\/www.prich.ec\/wp-content\/uploads\/2021\/01\/medicine-doctor-3.jpg 1339w\" sizes=\"(max-width: 1024px) 100vw, 1024px\" \/>\t\t\t\t\t\t\t\t\t\t\t\t\t\t\t<\/div>\n\t\t\t\t<\/div>\n\t\t\t\t\t<\/div>\n\t\t<\/div>\n\t\t\t\t\t<\/div>\n\t\t<\/section>\n\t\t\t\t<section class=\"elementor-section elementor-top-section elementor-element elementor-element-6141cb7c elementor-section-boxed elementor-section-height-default elementor-section-height-default\" data-id=\"6141cb7c\" data-element_type=\"section\" data-e-type=\"section\">\n\t\t\t\t\t\t<div class=\"elementor-container elementor-column-gap-default\">\n\t\t\t\t\t\t<\/div>\n\t\t<\/section>\n\t\t\t\t<section class=\"elementor-section elementor-top-section elementor-element elementor-element-2e7be8d5 elementor-section-boxed elementor-section-height-default elementor-section-height-default\" data-id=\"2e7be8d5\" data-element_type=\"section\" data-e-type=\"section\">\n\t\t\t\t\t\t<div class=\"elementor-container elementor-column-gap-default\">\n\t\t\t\t\t<div class=\"elementor-column elementor-col-100 elementor-top-column elementor-element elementor-element-1106ce4b\" data-id=\"1106ce4b\" data-element_type=\"column\" data-e-type=\"column\">\n\t\t\t<div class=\"elementor-widget-wrap elementor-element-populated\">\n\t\t\t\t\t\t<div class=\"elementor-element elementor-element-64cf106 elementor-widget elementor-widget-spacer\" data-id=\"64cf106\" data-element_type=\"widget\" data-e-type=\"widget\" data-widget_type=\"spacer.default\">\n\t\t\t\t<div class=\"elementor-widget-container\">\n\t\t\t\t\t\t\t<div class=\"elementor-spacer\">\n\t\t\t<div class=\"elementor-spacer-inner\"><\/div>\n\t\t<\/div>\n\t\t\t\t\t\t<\/div>\n\t\t\t\t<\/div>\n\t\t\t\t<div class=\"elementor-element elementor-element-7de6e6d6 elementor-widget elementor-widget-gyan_counter\" data-id=\"7de6e6d6\" data-element_type=\"widget\" data-e-type=\"widget\" data-widget_type=\"gyan_counter.default\">\n\t\t\t\t<div class=\"elementor-widget-container\">\n\t\t\t\t\t\t\t<div class=\"gyan-counter\">\r\n\r\n\r\n\t\t\r\n\r\n\t\t\t\r\n\t\t\t\t\t\t\t<span class=\"gyan-counter-icon gyan-icon\">\r\n\t\t\t\t\t<img decoding=\"async\" width=\"50\" height=\"50\" src=\"https:\/\/www.prich.ec\/wp-content\/uploads\/2020\/03\/icon-white-process3.png\" class=\"attachment-full size-full wp-image-1427\" alt=\"\" \/>\t\t\t\t<\/span>\r\n\t\t\t\r\n\r\n\t\t\r\n\r\n\t\t\t\t\t\t\t<div class=\"gyan-counter-number-wrap\">\r\n\t\t\t\t\t\r\n\t\t\t\t\t<span class=\"gyan-counter-number\"\r\n\t\t\t\t\tdata-duration=\"2000\"\r\n\t\t\t\t\tdata-to-value=\"128.407\"\r\n\t\t\t\t\tdata-delimiter=\",\">\r\n\t\t\t\t\t\t10\t\t\t\t\t<\/span>\r\n\r\n\t\t\t\t\t\t\t\t\t<\/div>\r\n\t\t\t\r\n\t\t\t\t\t\t\t<h1 class=\"gyan-counter-title\">\r\n\t\t\t\t\tTotal de triajes m\u00e9dicos virtuales\t\t\t\t<\/h1>\r\n\t\t\t\r\n\t\t\t<div class=\"clear\"><\/div>\r\n\t\t<\/div><!-- .gyan-counter -->\r\n\t\t\t\t\t\t<\/div>\n\t\t\t\t<\/div>\n\t\t\t\t<div class=\"elementor-element elementor-element-645a6f78 elementor-widget elementor-widget-spacer\" data-id=\"645a6f78\" data-element_type=\"widget\" data-e-type=\"widget\" data-widget_type=\"spacer.default\">\n\t\t\t\t<div class=\"elementor-widget-container\">\n\t\t\t\t\t\t\t<div class=\"elementor-spacer\">\n\t\t\t<div class=\"elementor-spacer-inner\"><\/div>\n\t\t<\/div>\n\t\t\t\t\t\t<\/div>\n\t\t\t\t<\/div>\n\t\t\t\t\t<\/div>\n\t\t<\/div>\n\t\t\t\t\t<\/div>\n\t\t<\/section>\n\t\t\t\t<section class=\"elementor-section elementor-top-section elementor-element elementor-element-608d0c30 elementor-section-boxed elementor-section-height-default elementor-section-height-default\" data-id=\"608d0c30\" data-element_type=\"section\" data-e-type=\"section\">\n\t\t\t\t\t\t<div class=\"elementor-container elementor-column-gap-default\">\n\t\t\t\t\t<div class=\"elementor-column elementor-col-33 elementor-top-column elementor-element elementor-element-1df851e\" data-id=\"1df851e\" data-element_type=\"column\" data-e-type=\"column\">\n\t\t\t<div class=\"elementor-widget-wrap\">\n\t\t\t\t\t\t\t<\/div>\n\t\t<\/div>\n\t\t\t\t<div class=\"elementor-column elementor-col-33 elementor-top-column elementor-element elementor-element-250fbca0\" data-id=\"250fbca0\" data-element_type=\"column\" data-e-type=\"column\">\n\t\t\t<div class=\"elementor-widget-wrap\">\n\t\t\t\t\t\t\t<\/div>\n\t\t<\/div>\n\t\t\t\t<div class=\"elementor-column elementor-col-33 elementor-top-column elementor-element elementor-element-32fd67fb\" data-id=\"32fd67fb\" data-element_type=\"column\" data-e-type=\"column\">\n\t\t\t<div class=\"elementor-widget-wrap\">\n\t\t\t\t\t\t\t<\/div>\n\t\t<\/div>\n\t\t\t\t\t<\/div>\n\t\t<\/section>\n\t\t\t\t<\/div>\n\t\t","protected":false},"excerpt":{"rendered":"<p>Plataforma de Triaje M\u00e9dico Remoto Plataforma que permite la clasificaci\u00f3n de pacientes por la criticidad de s\u00edntomas para aplicar estrategias integrales para la atenci\u00f3n ambulatoria y\/o de emergencia. _________________ 10 Total de triajes m\u00e9dicos virtuales<\/p>\n","protected":false},"author":1,"featured_media":0,"parent":0,"menu_order":0,"comment_status":"closed","ping_status":"closed","template":"","meta":{"footnotes":""},"class_list":["post-2404","page","type-page","status-publish","hentry"],"_links":{"self":[{"href":"https:\/\/www.prich.ec\/index.php?rest_route=\/wp\/v2\/pages\/2404","targetHints":{"allow":["GET"]}}],"collection":[{"href":"https:\/\/www.prich.ec\/index.php?rest_route=\/wp\/v2\/pages"}],"about":[{"href":"https:\/\/www.prich.ec\/index.php?rest_route=\/wp\/v2\/types\/page"}],"author":[{"embeddable":true,"href":"https:\/\/www.prich.ec\/index.php?rest_route=\/wp\/v2\/users\/1"}],"replies":[{"embeddable":true,"href":"https:\/\/www.prich.ec\/index.php?rest_route=%2Fwp%2Fv2%2Fcomments&post=2404"}],"version-history":[{"count":25,"href":"https:\/\/www.prich.ec\/index.php?rest_route=\/wp\/v2\/pages\/2404\/revisions"}],"predecessor-version":[{"id":3851,"href":"https:\/\/www.prich.ec\/index.php?rest_route=\/wp\/v2\/pages\/2404\/revisions\/3851"}],"wp:attachment":[{"href":"https:\/\/www.prich.ec\/index.php?rest_route=%2Fwp%2Fv2%2Fmedia&parent=2404"}],"curies":[{"name":"wp","href":"https:\/\/api.w.org\/{rel}","templated":true}]}}