{"id":2262,"date":"2020-12-31T05:08:44","date_gmt":"2020-12-31T05:08:44","guid":{"rendered":"http:\/\/www.prich.org\/webprich\/?page_id=2262"},"modified":"2025-12-11T17:54:07","modified_gmt":"2025-12-11T17:54:07","slug":"seguridad","status":"publish","type":"page","link":"https:\/\/www.prich.ec\/?page_id=2262","title":{"rendered":"Seguridad"},"content":{"rendered":"\t\t<div data-elementor-type=\"wp-page\" data-elementor-id=\"2262\" class=\"elementor elementor-2262\">\n\t\t\t\t\t\t<section class=\"elementor-section elementor-top-section elementor-element elementor-element-6bd172c elementor-section-content-middle elementor-section-boxed elementor-section-height-default elementor-section-height-default\" data-id=\"6bd172c\" data-element_type=\"section\" data-e-type=\"section\">\n\t\t\t\t\t\t<div class=\"elementor-container elementor-column-gap-wide\">\n\t\t\t\t\t<div class=\"elementor-column elementor-col-50 elementor-top-column elementor-element elementor-element-84b2216\" data-id=\"84b2216\" data-element_type=\"column\" data-e-type=\"column\">\n\t\t\t<div class=\"elementor-widget-wrap elementor-element-populated\">\n\t\t\t\t\t\t<div class=\"elementor-element elementor-element-bd1d0ae elementor-widget elementor-widget-heading\" data-id=\"bd1d0ae\" data-element_type=\"widget\" data-e-type=\"widget\" data-widget_type=\"heading.default\">\n\t\t\t\t<div class=\"elementor-widget-container\">\n\t\t\t\t\t<h3 class=\"elementor-heading-title elementor-size-default\">Seguridad\n<\/h3>\t\t\t\t<\/div>\n\t\t\t\t<\/div>\n\t\t\t\t<div class=\"elementor-element elementor-element-e3ab900 elementor-widget elementor-widget-text-editor\" data-id=\"e3ab900\" data-element_type=\"widget\" data-e-type=\"widget\" data-widget_type=\"text-editor.default\">\n\t\t\t\t<div class=\"elementor-widget-container\">\n\t\t\t\t\t\t\t\t\t<p>Soluciones de seguridad de voz basada en tecnolog\u00eda AudioCodes que permite la gesti\u00f3n segura del tr\u00e1fico VoIP, asegurando la calidad del servicio y la integraci\u00f3n directa con Microsoft Teams o SIP Trunks, respaldada por modelos de licenciamiento adaptables.<\/p>\t\t\t\t\t\t\t\t<\/div>\n\t\t\t\t<\/div>\n\t\t\t\t\t<\/div>\n\t\t<\/div>\n\t\t\t\t<div class=\"elementor-column elementor-col-50 elementor-top-column elementor-element elementor-element-48adb94\" data-id=\"48adb94\" data-element_type=\"column\" data-e-type=\"column\">\n\t\t\t<div class=\"elementor-widget-wrap elementor-element-populated\">\n\t\t\t\t\t\t<div class=\"elementor-element elementor-element-21dafea elementor-widget elementor-widget-image\" data-id=\"21dafea\" data-element_type=\"widget\" data-e-type=\"widget\" data-widget_type=\"image.default\">\n\t\t\t\t<div class=\"elementor-widget-container\">\n\t\t\t\t\t\t\t\t\t\t\t\t\t\t\t<img fetchpriority=\"high\" decoding=\"async\" width=\"1024\" height=\"561\" src=\"https:\/\/www.prich.ec\/wp-content\/uploads\/2021\/01\/businessman-holding-shield-3-1024x561.jpg\" class=\"attachment-large size-large wp-image-3026\" alt=\"\" srcset=\"https:\/\/www.prich.ec\/wp-content\/uploads\/2021\/01\/businessman-holding-shield-3-1024x561.jpg 1024w, https:\/\/www.prich.ec\/wp-content\/uploads\/2021\/01\/businessman-holding-shield-3-300x164.jpg 300w, https:\/\/www.prich.ec\/wp-content\/uploads\/2021\/01\/businessman-holding-shield-3-768x421.jpg 768w, https:\/\/www.prich.ec\/wp-content\/uploads\/2021\/01\/businessman-holding-shield-3.jpg 1078w\" sizes=\"(max-width: 1024px) 100vw, 1024px\" \/>\t\t\t\t\t\t\t\t\t\t\t\t\t\t\t<\/div>\n\t\t\t\t<\/div>\n\t\t\t\t\t<\/div>\n\t\t<\/div>\n\t\t\t\t\t<\/div>\n\t\t<\/section>\n\t\t\t\t<\/div>\n\t\t","protected":false},"excerpt":{"rendered":"<p>Seguridad Soluciones de seguridad de voz basada en tecnolog\u00eda AudioCodes que permite la gesti\u00f3n segura del tr\u00e1fico VoIP, asegurando la calidad del servicio y la integraci\u00f3n directa con Microsoft Teams o SIP Trunks, respaldada por modelos de licenciamiento adaptables.<\/p>\n","protected":false},"author":1,"featured_media":0,"parent":0,"menu_order":0,"comment_status":"closed","ping_status":"closed","template":"","meta":{"footnotes":""},"class_list":["post-2262","page","type-page","status-publish","hentry"],"_links":{"self":[{"href":"https:\/\/www.prich.ec\/index.php?rest_route=\/wp\/v2\/pages\/2262","targetHints":{"allow":["GET"]}}],"collection":[{"href":"https:\/\/www.prich.ec\/index.php?rest_route=\/wp\/v2\/pages"}],"about":[{"href":"https:\/\/www.prich.ec\/index.php?rest_route=\/wp\/v2\/types\/page"}],"author":[{"embeddable":true,"href":"https:\/\/www.prich.ec\/index.php?rest_route=\/wp\/v2\/users\/1"}],"replies":[{"embeddable":true,"href":"https:\/\/www.prich.ec\/index.php?rest_route=%2Fwp%2Fv2%2Fcomments&post=2262"}],"version-history":[{"count":19,"href":"https:\/\/www.prich.ec\/index.php?rest_route=\/wp\/v2\/pages\/2262\/revisions"}],"predecessor-version":[{"id":4300,"href":"https:\/\/www.prich.ec\/index.php?rest_route=\/wp\/v2\/pages\/2262\/revisions\/4300"}],"wp:attachment":[{"href":"https:\/\/www.prich.ec\/index.php?rest_route=%2Fwp%2Fv2%2Fmedia&parent=2262"}],"curies":[{"name":"wp","href":"https:\/\/api.w.org\/{rel}","templated":true}]}}