{"id":2250,"date":"2020-12-31T05:07:16","date_gmt":"2020-12-31T05:07:16","guid":{"rendered":"http:\/\/www.prich.org\/webprich\/?page_id=2250"},"modified":"2021-01-12T15:09:36","modified_gmt":"2021-01-12T15:09:36","slug":"gestion-de-clientes","status":"publish","type":"page","link":"https:\/\/www.prich.ec\/?page_id=2250","title":{"rendered":"Plataforma de Gesti\u00f3n de Clientes"},"content":{"rendered":"\t\t<div data-elementor-type=\"wp-page\" data-elementor-id=\"2250\" class=\"elementor elementor-2250\">\n\t\t\t\t\t\t<section class=\"elementor-section elementor-top-section elementor-element elementor-element-54d6718 elementor-section-content-middle elementor-section-boxed elementor-section-height-default elementor-section-height-default\" data-id=\"54d6718\" data-element_type=\"section\" data-e-type=\"section\">\n\t\t\t\t\t\t<div class=\"elementor-container elementor-column-gap-wide\">\n\t\t\t\t\t<div class=\"elementor-column elementor-col-50 elementor-top-column elementor-element elementor-element-486f3e2\" data-id=\"486f3e2\" data-element_type=\"column\" data-e-type=\"column\">\n\t\t\t<div class=\"elementor-widget-wrap elementor-element-populated\">\n\t\t\t\t\t\t<div class=\"elementor-element elementor-element-deeccc7 elementor-widget elementor-widget-heading\" data-id=\"deeccc7\" data-element_type=\"widget\" data-e-type=\"widget\" data-widget_type=\"heading.default\">\n\t\t\t\t<div class=\"elementor-widget-container\">\n\t\t\t\t\t<h3 class=\"elementor-heading-title elementor-size-default\">Plataforma de Gesti\u00f3n de Clientes<\/h3>\t\t\t\t<\/div>\n\t\t\t\t<\/div>\n\t\t\t\t<div class=\"elementor-element elementor-element-2574d82 elementor-widget elementor-widget-text-editor\" data-id=\"2574d82\" data-element_type=\"widget\" data-e-type=\"widget\" data-widget_type=\"text-editor.default\">\n\t\t\t\t<div class=\"elementor-widget-container\">\n\t\t\t\t\t\t\t\t\t<p>Permite mantener la informaci\u00f3n de cada cliente centralizada y una vista 360 en un solo repositorio de f\u00e1cil acceso para implementar estrategias de resoluci\u00f3n en la primera llamada\/interacci\u00f3n e interconexi\u00f3n con plataformas de comunicaciones.<\/p>\t\t\t\t\t\t\t\t<\/div>\n\t\t\t\t<\/div>\n\t\t\t\t<div class=\"elementor-element elementor-element-9dcf537 elementor-widget elementor-widget-text-editor\" data-id=\"9dcf537\" data-element_type=\"widget\" data-e-type=\"widget\" data-widget_type=\"text-editor.default\">\n\t\t\t\t<div class=\"elementor-widget-container\">\n\t\t\t\t\t\t\t\t\t<p>_____________<\/p>\t\t\t\t\t\t\t\t<\/div>\n\t\t\t\t<\/div>\n\t\t\t\t\t<\/div>\n\t\t<\/div>\n\t\t\t\t<div class=\"elementor-column elementor-col-50 elementor-top-column elementor-element elementor-element-3a26064\" data-id=\"3a26064\" data-element_type=\"column\" data-e-type=\"column\">\n\t\t\t<div class=\"elementor-widget-wrap elementor-element-populated\">\n\t\t\t\t\t\t<div class=\"elementor-element elementor-element-c7be2cf elementor-widget elementor-widget-image\" data-id=\"c7be2cf\" data-element_type=\"widget\" data-e-type=\"widget\" data-widget_type=\"image.default\">\n\t\t\t\t<div class=\"elementor-widget-container\">\n\t\t\t\t\t\t\t\t\t\t\t\t\t\t\t<img fetchpriority=\"high\" decoding=\"async\" width=\"850\" height=\"468\" src=\"https:\/\/www.prich.ec\/wp-content\/uploads\/2021\/01\/crm-customer-r2.jpg\" class=\"attachment-large size-large wp-image-3246\" alt=\"\" srcset=\"https:\/\/www.prich.ec\/wp-content\/uploads\/2021\/01\/crm-customer-r2.jpg 850w, https:\/\/www.prich.ec\/wp-content\/uploads\/2021\/01\/crm-customer-r2-300x165.jpg 300w, https:\/\/www.prich.ec\/wp-content\/uploads\/2021\/01\/crm-customer-r2-768x423.jpg 768w\" sizes=\"(max-width: 850px) 100vw, 850px\" \/>\t\t\t\t\t\t\t\t\t\t\t\t\t\t\t<\/div>\n\t\t\t\t<\/div>\n\t\t\t\t\t<\/div>\n\t\t<\/div>\n\t\t\t\t\t<\/div>\n\t\t<\/section>\n\t\t\t\t<\/div>\n\t\t","protected":false},"excerpt":{"rendered":"<p>Plataforma de Gesti\u00f3n de Clientes Permite mantener la informaci\u00f3n de cada cliente centralizada y una vista 360 en un solo repositorio de f\u00e1cil acceso para implementar estrategias de resoluci\u00f3n en la primera llamada\/interacci\u00f3n e interconexi\u00f3n con plataformas de comunicaciones. _____________<\/p>\n","protected":false},"author":1,"featured_media":0,"parent":0,"menu_order":0,"comment_status":"closed","ping_status":"closed","template":"","meta":{"footnotes":""},"class_list":["post-2250","page","type-page","status-publish","hentry"],"_links":{"self":[{"href":"https:\/\/www.prich.ec\/index.php?rest_route=\/wp\/v2\/pages\/2250","targetHints":{"allow":["GET"]}}],"collection":[{"href":"https:\/\/www.prich.ec\/index.php?rest_route=\/wp\/v2\/pages"}],"about":[{"href":"https:\/\/www.prich.ec\/index.php?rest_route=\/wp\/v2\/types\/page"}],"author":[{"embeddable":true,"href":"https:\/\/www.prich.ec\/index.php?rest_route=\/wp\/v2\/users\/1"}],"replies":[{"embeddable":true,"href":"https:\/\/www.prich.ec\/index.php?rest_route=%2Fwp%2Fv2%2Fcomments&post=2250"}],"version-history":[{"count":17,"href":"https:\/\/www.prich.ec\/index.php?rest_route=\/wp\/v2\/pages\/2250\/revisions"}],"predecessor-version":[{"id":3249,"href":"https:\/\/www.prich.ec\/index.php?rest_route=\/wp\/v2\/pages\/2250\/revisions\/3249"}],"wp:attachment":[{"href":"https:\/\/www.prich.ec\/index.php?rest_route=%2Fwp%2Fv2%2Fmedia&parent=2250"}],"curies":[{"name":"wp","href":"https:\/\/api.w.org\/{rel}","templated":true}]}}