{"id":2244,"date":"2020-12-31T05:06:03","date_gmt":"2020-12-31T05:06:03","guid":{"rendered":"http:\/\/www.prich.org\/webprich\/?page_id=2244"},"modified":"2023-02-06T19:32:50","modified_gmt":"2023-02-06T19:32:50","slug":"consultoria-capacitacion-y-asistencias","status":"publish","type":"page","link":"https:\/\/www.prich.ec\/?page_id=2244","title":{"rendered":"Consultor\u00eda y Capacitaci\u00f3n"},"content":{"rendered":"<h3>Consultor\u00eda y Capacitaci\u00f3n<\/h3>\n<p>&nbsp; &nbsp; &nbsp; <img decoding=\"async\" src=\"http:\/\/www.prich.org\/webprich\/wp-content\/uploads\/2020\/12\/fav-icon-300x300.png\" alt=\"\" width=\"11\" height=\"11\">&nbsp; Gesti\u00f3n por Procesos<br \/>\n&nbsp; &nbsp; &nbsp; <img decoding=\"async\" src=\"http:\/\/www.prich.org\/webprich\/wp-content\/uploads\/2020\/12\/fav-icon-300x300.png\" alt=\"\" width=\"11\" height=\"11\"> &nbsp;Modelos de atenci\u00f3n y gesti\u00f3n de clientes<br \/>\n&nbsp; &nbsp; &nbsp; <img decoding=\"async\" src=\"http:\/\/www.prich.org\/webprich\/wp-content\/uploads\/2020\/12\/fav-icon-300x300.png\" alt=\"\" width=\"11\" height=\"11\">&nbsp; Modelos operacionales<br \/>\n&nbsp; &nbsp; &nbsp; <img decoding=\"async\" src=\"http:\/\/www.prich.org\/webprich\/wp-content\/uploads\/2020\/12\/fav-icon-300x300.png\" alt=\"\" width=\"11\" height=\"11\"> &nbsp;Modelo de Experiencia de Clientes<br \/>\n&nbsp; &nbsp; &nbsp; <img decoding=\"async\" src=\"http:\/\/www.prich.org\/webprich\/wp-content\/uploads\/2020\/12\/fav-icon-300x300.png\" alt=\"\" width=\"11\" height=\"11\"> &nbsp;Gesti\u00f3n de Proyectos<br \/>\n&nbsp; &nbsp; &nbsp; <img decoding=\"async\" src=\"http:\/\/www.prich.org\/webprich\/wp-content\/uploads\/2020\/12\/fav-icon-300x300.png\" alt=\"\" width=\"11\" height=\"11\"> &nbsp;Auditor\u00eda<br \/>\n&nbsp; &nbsp; &nbsp; <img decoding=\"async\" src=\"http:\/\/www.prich.org\/webprich\/wp-content\/uploads\/2020\/12\/fav-icon-300x300.png\" alt=\"\" width=\"11\" height=\"11\"> &nbsp;Planificaci\u00f3n Estrat\u00e9gicas<br \/>\n&nbsp; &nbsp; &nbsp; <img decoding=\"async\" src=\"http:\/\/www.prich.org\/webprich\/wp-content\/uploads\/2020\/12\/fav-icon-300x300.png\" alt=\"\" width=\"11\" height=\"11\"> &nbsp;Capacitaci\u00f3n<br \/>\n&nbsp; &nbsp; &nbsp; <img decoding=\"async\" src=\"http:\/\/www.prich.org\/webprich\/wp-content\/uploads\/2020\/12\/fav-icon-300x300.png\" alt=\"\" width=\"11\" height=\"11\"> &nbsp;Talento Humano<br \/>\n&nbsp; &nbsp; &nbsp; <img decoding=\"async\" src=\"http:\/\/www.prich.org\/webprich\/wp-content\/uploads\/2020\/12\/fav-icon-300x300.png\" alt=\"\" width=\"11\" height=\"11\">&nbsp; Fiscalizaci\u00f3n de Contratos<br \/>\n&nbsp; &nbsp; &nbsp; <img decoding=\"async\" src=\"http:\/\/www.prich.org\/webprich\/wp-content\/uploads\/2020\/12\/fav-icon-300x300.png\" alt=\"\" width=\"11\" height=\"11\">&nbsp; Cadena de Suministros<\/p>\n<p><img loading=\"lazy\" decoding=\"async\" width=\"791\" height=\"528\" src=\"http:\/\/www.prich.org\/webprich\/wp-content\/uploads\/2021\/01\/students-2.jpg\" alt=\"\" loading=\"lazy\" srcset=\"http:\/\/www.prich.org\/webprich\/wp-content\/uploads\/2021\/01\/students-2.jpg 791w, http:\/\/www.prich.org\/webprich\/wp-content\/uploads\/2021\/01\/students-2-300x200.jpg 300w, http:\/\/www.prich.org\/webprich\/wp-content\/uploads\/2021\/01\/students-2-768x513.jpg 768w\" sizes=\"auto, (max-width: 791px) 100vw, 791px\"><\/p>\n","protected":false},"excerpt":{"rendered":"<p>Consultor\u00eda y Capacitaci\u00f3n &nbsp; &nbsp; &nbsp; &nbsp; Gesti\u00f3n por Procesos &nbsp; &nbsp; &nbsp; &nbsp;Modelos de atenci\u00f3n y gesti\u00f3n de clientes &nbsp; &nbsp; &nbsp; &nbsp; Modelos operacionales &nbsp; &nbsp; &nbsp; &nbsp;Modelo de Experiencia de Clientes &nbsp; &nbsp; &nbsp; &nbsp;Gesti\u00f3n de Proyectos &nbsp; &nbsp; &nbsp; &nbsp;Auditor\u00eda &nbsp; &nbsp; &nbsp; &nbsp;Planificaci\u00f3n Estrat\u00e9gicas &nbsp; [&hellip;]<\/p>\n","protected":false},"author":1,"featured_media":0,"parent":0,"menu_order":0,"comment_status":"closed","ping_status":"closed","template":"","meta":{"footnotes":""},"class_list":["post-2244","page","type-page","status-publish","hentry"],"_links":{"self":[{"href":"https:\/\/www.prich.ec\/index.php?rest_route=\/wp\/v2\/pages\/2244","targetHints":{"allow":["GET"]}}],"collection":[{"href":"https:\/\/www.prich.ec\/index.php?rest_route=\/wp\/v2\/pages"}],"about":[{"href":"https:\/\/www.prich.ec\/index.php?rest_route=\/wp\/v2\/types\/page"}],"author":[{"embeddable":true,"href":"https:\/\/www.prich.ec\/index.php?rest_route=\/wp\/v2\/users\/1"}],"replies":[{"embeddable":true,"href":"https:\/\/www.prich.ec\/index.php?rest_route=%2Fwp%2Fv2%2Fcomments&post=2244"}],"version-history":[{"count":30,"href":"https:\/\/www.prich.ec\/index.php?rest_route=\/wp\/v2\/pages\/2244\/revisions"}],"predecessor-version":[{"id":4114,"href":"https:\/\/www.prich.ec\/index.php?rest_route=\/wp\/v2\/pages\/2244\/revisions\/4114"}],"wp:attachment":[{"href":"https:\/\/www.prich.ec\/index.php?rest_route=%2Fwp%2Fv2%2Fmedia&parent=2244"}],"curies":[{"name":"wp","href":"https:\/\/api.w.org\/{rel}","templated":true}]}}