{"id":2238,"date":"2020-12-31T05:04:24","date_gmt":"2020-12-31T05:04:24","guid":{"rendered":"http:\/\/www.prich.org\/webprich\/?page_id=2238"},"modified":"2021-01-25T23:00:44","modified_gmt":"2021-01-25T23:00:44","slug":"ti-empresarial","status":"publish","type":"page","link":"https:\/\/www.prich.ec\/?page_id=2238","title":{"rendered":"TI Empresarial"},"content":{"rendered":"\t\t<div data-elementor-type=\"wp-page\" data-elementor-id=\"2238\" class=\"elementor elementor-2238\">\n\t\t\t\t\t\t<section class=\"elementor-section elementor-top-section elementor-element elementor-element-24c3f5a elementor-section-boxed elementor-section-height-default elementor-section-height-default\" data-id=\"24c3f5a\" data-element_type=\"section\" data-e-type=\"section\">\n\t\t\t\t\t\t<div class=\"elementor-container elementor-column-gap-default\">\n\t\t\t\t\t<div class=\"elementor-column elementor-col-100 elementor-top-column elementor-element elementor-element-8ac732f\" data-id=\"8ac732f\" data-element_type=\"column\" data-e-type=\"column\">\n\t\t\t<div class=\"elementor-widget-wrap elementor-element-populated\">\n\t\t\t\t\t\t<div class=\"elementor-element elementor-element-a533d9b elementor-widget elementor-widget-heading\" data-id=\"a533d9b\" data-element_type=\"widget\" data-e-type=\"widget\" data-widget_type=\"heading.default\">\n\t\t\t\t<div class=\"elementor-widget-container\">\n\t\t\t\t\t<h2 class=\"elementor-heading-title elementor-size-default\">TI Empresarial<\/h2>\t\t\t\t<\/div>\n\t\t\t\t<\/div>\n\t\t\t\t<div class=\"elementor-element elementor-element-601a967 elementor-widget elementor-widget-spacer\" data-id=\"601a967\" data-element_type=\"widget\" data-e-type=\"widget\" data-widget_type=\"spacer.default\">\n\t\t\t\t<div class=\"elementor-widget-container\">\n\t\t\t\t\t\t\t<div class=\"elementor-spacer\">\n\t\t\t<div class=\"elementor-spacer-inner\"><\/div>\n\t\t<\/div>\n\t\t\t\t\t\t<\/div>\n\t\t\t\t<\/div>\n\t\t\t\t<div class=\"elementor-element elementor-element-bbcd0e7 elementor-widget elementor-widget-text-editor\" data-id=\"bbcd0e7\" data-element_type=\"widget\" data-e-type=\"widget\" data-widget_type=\"text-editor.default\">\n\t\t\t\t<div class=\"elementor-widget-container\">\n\t\t\t\t\t\t\t\t\t<p>Soluciones y servicios integrados en Tecnolog\u00edas de la Informaci\u00f3n y Comunicaci\u00f3n para expandir y explotar el uso de tecnolog\u00eda en las empresas, generando valor y rentabilidad a trav\u00e9s de la vanguardia y tendencias de TI, en modelos de venta, renta y as a service.<\/p>\t\t\t\t\t\t\t\t<\/div>\n\t\t\t\t<\/div>\n\t\t\t\t<div class=\"elementor-element elementor-element-f0c862e elementor-widget elementor-widget-spacer\" data-id=\"f0c862e\" data-element_type=\"widget\" data-e-type=\"widget\" data-widget_type=\"spacer.default\">\n\t\t\t\t<div class=\"elementor-widget-container\">\n\t\t\t\t\t\t\t<div class=\"elementor-spacer\">\n\t\t\t<div class=\"elementor-spacer-inner\"><\/div>\n\t\t<\/div>\n\t\t\t\t\t\t<\/div>\n\t\t\t\t<\/div>\n\t\t\t\t\t<\/div>\n\t\t<\/div>\n\t\t\t\t\t<\/div>\n\t\t<\/section>\n\t\t\t\t<section class=\"elementor-section elementor-top-section elementor-element elementor-element-25b6a91 elementor-section-content-middle elementor-section-boxed elementor-section-height-default elementor-section-height-default\" data-id=\"25b6a91\" data-element_type=\"section\" data-e-type=\"section\">\n\t\t\t\t\t\t<div class=\"elementor-container elementor-column-gap-wide\">\n\t\t\t\t\t<div class=\"elementor-column elementor-col-50 elementor-top-column elementor-element elementor-element-59864de\" data-id=\"59864de\" data-element_type=\"column\" data-e-type=\"column\">\n\t\t\t<div class=\"elementor-widget-wrap elementor-element-populated\">\n\t\t\t\t\t\t<div class=\"elementor-element elementor-element-a8bcbc4 elementor-widget elementor-widget-text-editor\" data-id=\"a8bcbc4\" data-element_type=\"widget\" data-e-type=\"widget\" data-widget_type=\"text-editor.default\">\n\t\t\t\t<div class=\"elementor-widget-container\">\n\t\t\t\t\t\t\t\t\t<p><span style=\"color: #99caee;\"><img decoding=\"async\" class=\"alignnone wp-image-1945\" src=\"http:\/\/www.prich.org\/webprich\/wp-content\/uploads\/2020\/12\/fav-icon-300x300.png\" sizes=\"(max-width: 11px) 100vw, 11px\" srcset=\"http:\/\/www.prich.org\/webprich\/wp-content\/uploads\/2020\/12\/fav-icon-300x300.png 300w, http:\/\/www.prich.org\/webprich\/wp-content\/uploads\/2020\/12\/fav-icon-150x150.png 150w, http:\/\/www.prich.org\/webprich\/wp-content\/uploads\/2020\/12\/fav-icon.png 497w, http:\/\/www.prich.org\/webprich\/wp-content\/uploads\/2020\/12\/fav-icon-90x90.png 90w\" alt=\"\" width=\"11\" height=\"11\" \/>\u00a0 <a style=\"color: #99caee;\" href=\"http:\/\/www.prich.org\/webprich\/seguridad\/\">Seguridad<\/a> <\/span><br \/><span style=\"color: #99caee;\"><img decoding=\"async\" class=\"alignnone wp-image-1945\" src=\"http:\/\/www.prich.org\/webprich\/wp-content\/uploads\/2020\/12\/fav-icon-300x300.png\" sizes=\"(max-width: 11px) 100vw, 11px\" srcset=\"http:\/\/www.prich.org\/webprich\/wp-content\/uploads\/2020\/12\/fav-icon-300x300.png 300w, http:\/\/www.prich.org\/webprich\/wp-content\/uploads\/2020\/12\/fav-icon-150x150.png 150w, http:\/\/www.prich.org\/webprich\/wp-content\/uploads\/2020\/12\/fav-icon.png 497w, http:\/\/www.prich.org\/webprich\/wp-content\/uploads\/2020\/12\/fav-icon-90x90.png 90w\" alt=\"\" width=\"11\" height=\"11\" \/>\u00a0 <a style=\"color: #99caee;\" href=\"http:\/\/www.prich.org\/webprich\/integraciones-tecnologicas\/\">Integraciones tecnol\u00f3gicas<\/a><\/span><br \/><span style=\"color: #99caee;\"><img decoding=\"async\" class=\"alignnone wp-image-1945\" src=\"http:\/\/www.prich.org\/webprich\/wp-content\/uploads\/2020\/12\/fav-icon-300x300.png\" sizes=\"(max-width: 11px) 100vw, 11px\" srcset=\"http:\/\/www.prich.org\/webprich\/wp-content\/uploads\/2020\/12\/fav-icon-300x300.png 300w, http:\/\/www.prich.org\/webprich\/wp-content\/uploads\/2020\/12\/fav-icon-150x150.png 150w, http:\/\/www.prich.org\/webprich\/wp-content\/uploads\/2020\/12\/fav-icon.png 497w, http:\/\/www.prich.org\/webprich\/wp-content\/uploads\/2020\/12\/fav-icon-90x90.png 90w\" alt=\"\" width=\"11\" height=\"11\" \/>\u00a0 <a style=\"color: #99caee;\" href=\"http:\/\/www.prich.org\/webprich\/monitoreo-logistico-y-de-movilidad\/\">Monitoreo Log\u00edstico y de Movilidad<\/a><\/span><br \/><span style=\"color: #99caee;\"><img decoding=\"async\" class=\"alignnone wp-image-1945\" src=\"http:\/\/www.prich.org\/webprich\/wp-content\/uploads\/2020\/12\/fav-icon-300x300.png\" sizes=\"(max-width: 11px) 100vw, 11px\" srcset=\"http:\/\/www.prich.org\/webprich\/wp-content\/uploads\/2020\/12\/fav-icon-300x300.png 300w, http:\/\/www.prich.org\/webprich\/wp-content\/uploads\/2020\/12\/fav-icon-150x150.png 150w, http:\/\/www.prich.org\/webprich\/wp-content\/uploads\/2020\/12\/fav-icon.png 497w, http:\/\/www.prich.org\/webprich\/wp-content\/uploads\/2020\/12\/fav-icon-90x90.png 90w\" alt=\"\" width=\"11\" height=\"11\" \/>\u00a0 <a style=\"color: #99caee;\" href=\"http:\/\/www.prich.org\/webprich\/instalacion-soporte-y-mantenimiento-de-redes-y-equipos-de-ti\/\">Instalaci\u00f3n, Soporte y Mantenimiento de Redes y\u00a0Equipos de TI.<\/a><\/span><br \/><span style=\"color: #99caee;\"><img decoding=\"async\" class=\"alignnone wp-image-1945\" src=\"http:\/\/www.prich.org\/webprich\/wp-content\/uploads\/2020\/12\/fav-icon-300x300.png\" sizes=\"(max-width: 11px) 100vw, 11px\" srcset=\"http:\/\/www.prich.org\/webprich\/wp-content\/uploads\/2020\/12\/fav-icon-300x300.png 300w, http:\/\/www.prich.org\/webprich\/wp-content\/uploads\/2020\/12\/fav-icon-150x150.png 150w, http:\/\/www.prich.org\/webprich\/wp-content\/uploads\/2020\/12\/fav-icon.png 497w, http:\/\/www.prich.org\/webprich\/wp-content\/uploads\/2020\/12\/fav-icon-90x90.png 90w\" alt=\"\" width=\"11\" height=\"11\" \/>\u00a0 <a style=\"color: #99caee;\" href=\"http:\/\/www.prich.org\/webprich\/equipos-de-ti-renta-venta-y-administracion\/\">Equipos de TI (Renta, Venta y Administraci\u00f3n)<\/a><\/span><\/p>\t\t\t\t\t\t\t\t<\/div>\n\t\t\t\t<\/div>\n\t\t\t\t\t<\/div>\n\t\t<\/div>\n\t\t\t\t<div class=\"elementor-column elementor-col-50 elementor-top-column elementor-element elementor-element-253796b\" data-id=\"253796b\" data-element_type=\"column\" data-e-type=\"column\">\n\t\t\t<div class=\"elementor-widget-wrap elementor-element-populated\">\n\t\t\t\t\t\t<div class=\"elementor-element elementor-element-e310021 elementor-widget elementor-widget-image\" data-id=\"e310021\" data-element_type=\"widget\" data-e-type=\"widget\" data-widget_type=\"image.default\">\n\t\t\t\t<div class=\"elementor-widget-container\">\n\t\t\t\t\t\t\t\t\t\t\t\t\t\t\t<img fetchpriority=\"high\" decoding=\"async\" width=\"1024\" height=\"683\" src=\"https:\/\/www.prich.ec\/wp-content\/uploads\/2021\/01\/programmer-2-1024x683.jpg\" class=\"attachment-large size-large wp-image-3767\" alt=\"\" srcset=\"https:\/\/www.prich.ec\/wp-content\/uploads\/2021\/01\/programmer-2-1024x683.jpg 1024w, https:\/\/www.prich.ec\/wp-content\/uploads\/2021\/01\/programmer-2-300x200.jpg 300w, https:\/\/www.prich.ec\/wp-content\/uploads\/2021\/01\/programmer-2-768x512.jpg 768w, https:\/\/www.prich.ec\/wp-content\/uploads\/2021\/01\/programmer-2.jpg 1504w\" sizes=\"(max-width: 1024px) 100vw, 1024px\" \/>\t\t\t\t\t\t\t\t\t\t\t\t\t\t\t<\/div>\n\t\t\t\t<\/div>\n\t\t\t\t\t<\/div>\n\t\t<\/div>\n\t\t\t\t\t<\/div>\n\t\t<\/section>\n\t\t\t\t<\/div>\n\t\t","protected":false},"excerpt":{"rendered":"<p>TI Empresarial Soluciones y servicios integrados en Tecnolog\u00edas de la Informaci\u00f3n y Comunicaci\u00f3n para expandir y explotar el uso de tecnolog\u00eda en las empresas, generando valor y rentabilidad a trav\u00e9s de la vanguardia y tendencias de TI, en modelos de venta, renta y as a service. \u00a0 Seguridad \u00a0 Integraciones [&hellip;]<\/p>\n","protected":false},"author":1,"featured_media":0,"parent":0,"menu_order":0,"comment_status":"closed","ping_status":"closed","template":"","meta":{"footnotes":""},"class_list":["post-2238","page","type-page","status-publish","hentry"],"_links":{"self":[{"href":"https:\/\/www.prich.ec\/index.php?rest_route=\/wp\/v2\/pages\/2238","targetHints":{"allow":["GET"]}}],"collection":[{"href":"https:\/\/www.prich.ec\/index.php?rest_route=\/wp\/v2\/pages"}],"about":[{"href":"https:\/\/www.prich.ec\/index.php?rest_route=\/wp\/v2\/types\/page"}],"author":[{"embeddable":true,"href":"https:\/\/www.prich.ec\/index.php?rest_route=\/wp\/v2\/users\/1"}],"replies":[{"embeddable":true,"href":"https:\/\/www.prich.ec\/index.php?rest_route=%2Fwp%2Fv2%2Fcomments&post=2238"}],"version-history":[{"count":29,"href":"https:\/\/www.prich.ec\/index.php?rest_route=\/wp\/v2\/pages\/2238\/revisions"}],"predecessor-version":[{"id":4075,"href":"https:\/\/www.prich.ec\/index.php?rest_route=\/wp\/v2\/pages\/2238\/revisions\/4075"}],"wp:attachment":[{"href":"https:\/\/www.prich.ec\/index.php?rest_route=%2Fwp%2Fv2%2Fmedia&parent=2238"}],"curies":[{"name":"wp","href":"https:\/\/api.w.org\/{rel}","templated":true}]}}