{"id":2236,"date":"2020-12-31T05:04:07","date_gmt":"2020-12-31T05:04:07","guid":{"rendered":"http:\/\/www.prich.org\/webprich\/?page_id=2236"},"modified":"2021-01-25T22:55:35","modified_gmt":"2021-01-25T22:55:35","slug":"gestion-y-comunicaciones-as-a-service","status":"publish","type":"page","link":"https:\/\/www.prich.ec\/?page_id=2236","title":{"rendered":"Gesti\u00f3n\u00a0y Comunicaciones as a Service"},"content":{"rendered":"\t\t<div data-elementor-type=\"wp-page\" data-elementor-id=\"2236\" class=\"elementor elementor-2236\">\n\t\t\t\t\t\t<section class=\"elementor-section elementor-top-section elementor-element elementor-element-3f3a3a49 elementor-section-boxed elementor-section-height-default elementor-section-height-default\" data-id=\"3f3a3a49\" data-element_type=\"section\" data-e-type=\"section\">\n\t\t\t\t\t\t<div class=\"elementor-container elementor-column-gap-default\">\n\t\t\t\t\t<div class=\"elementor-column elementor-col-100 elementor-top-column elementor-element elementor-element-557b3f5d\" data-id=\"557b3f5d\" data-element_type=\"column\" data-e-type=\"column\">\n\t\t\t<div class=\"elementor-widget-wrap elementor-element-populated\">\n\t\t\t\t\t\t<div class=\"elementor-element elementor-element-9725d52 elementor-widget elementor-widget-heading\" data-id=\"9725d52\" data-element_type=\"widget\" data-e-type=\"widget\" data-widget_type=\"heading.default\">\n\t\t\t\t<div class=\"elementor-widget-container\">\n\t\t\t\t\t<h2 class=\"elementor-heading-title elementor-size-default\">Gesti\u00f3n y Comunicaciones<\/h2>\t\t\t\t<\/div>\n\t\t\t\t<\/div>\n\t\t\t\t<div class=\"elementor-element elementor-element-bd3da41 elementor-widget elementor-widget-spacer\" data-id=\"bd3da41\" data-element_type=\"widget\" data-e-type=\"widget\" data-widget_type=\"spacer.default\">\n\t\t\t\t<div class=\"elementor-widget-container\">\n\t\t\t\t\t\t\t<div class=\"elementor-spacer\">\n\t\t\t<div class=\"elementor-spacer-inner\"><\/div>\n\t\t<\/div>\n\t\t\t\t\t\t<\/div>\n\t\t\t\t<\/div>\n\t\t\t\t<div class=\"elementor-element elementor-element-314cc4e elementor-widget elementor-widget-text-editor\" data-id=\"314cc4e\" data-element_type=\"widget\" data-e-type=\"widget\" data-widget_type=\"text-editor.default\">\n\t\t\t\t<div class=\"elementor-widget-container\">\n\t\t\t\t\t\t\t\t\t<p>Soluciones enfocadas en la gesti\u00f3n y comunicaci\u00f3n empresarial que buscan transformar la forma de trabajo y la comunicaci\u00f3n, obteniendo como resultado una orquestaci\u00f3n operativa y una colaboraci\u00f3n eficaz en toda su organizaci\u00f3n y con sus clientes, apalancados en modelos as a service.\u00a0<\/p>\t\t\t\t\t\t\t\t<\/div>\n\t\t\t\t<\/div>\n\t\t\t\t<div class=\"elementor-element elementor-element-97c321d elementor-widget elementor-widget-spacer\" data-id=\"97c321d\" data-element_type=\"widget\" data-e-type=\"widget\" data-widget_type=\"spacer.default\">\n\t\t\t\t<div class=\"elementor-widget-container\">\n\t\t\t\t\t\t\t<div class=\"elementor-spacer\">\n\t\t\t<div class=\"elementor-spacer-inner\"><\/div>\n\t\t<\/div>\n\t\t\t\t\t\t<\/div>\n\t\t\t\t<\/div>\n\t\t\t\t\t<\/div>\n\t\t<\/div>\n\t\t\t\t\t<\/div>\n\t\t<\/section>\n\t\t\t\t<section class=\"elementor-section elementor-top-section elementor-element elementor-element-61f9e58 elementor-section-content-middle elementor-section-boxed elementor-section-height-default elementor-section-height-default\" data-id=\"61f9e58\" data-element_type=\"section\" data-e-type=\"section\">\n\t\t\t\t\t\t<div class=\"elementor-container elementor-column-gap-wide\">\n\t\t\t\t\t<div class=\"elementor-column elementor-col-50 elementor-top-column elementor-element elementor-element-89432fb\" data-id=\"89432fb\" data-element_type=\"column\" data-e-type=\"column\">\n\t\t\t<div class=\"elementor-widget-wrap elementor-element-populated\">\n\t\t\t\t\t\t<div class=\"elementor-element elementor-element-e09ce99 elementor-widget elementor-widget-text-editor\" data-id=\"e09ce99\" data-element_type=\"widget\" data-e-type=\"widget\" data-widget_type=\"text-editor.default\">\n\t\t\t\t<div class=\"elementor-widget-container\">\n\t\t\t\t\t\t\t\t\t<p><img decoding=\"async\" class=\"alignnone wp-image-1945\" src=\"http:\/\/www.prich.org\/webprich\/wp-content\/uploads\/2020\/12\/fav-icon-300x300.png\" sizes=\"(max-width: 11px) 100vw, 11px\" srcset=\"http:\/\/www.prich.org\/webprich\/wp-content\/uploads\/2020\/12\/fav-icon-300x300.png 300w, http:\/\/www.prich.org\/webprich\/wp-content\/uploads\/2020\/12\/fav-icon-150x150.png 150w, http:\/\/www.prich.org\/webprich\/wp-content\/uploads\/2020\/12\/fav-icon.png 497w, http:\/\/www.prich.org\/webprich\/wp-content\/uploads\/2020\/12\/fav-icon-90x90.png 90w\" alt=\"\" width=\"11\" height=\"11\" \/> <span style=\"color: #99caee;\"><a style=\"color: #99caee;\" href=\"http:\/\/www.prich.org\/webprich\/contact-center\/\">Contact Center<\/a><\/span><br \/><img decoding=\"async\" class=\"alignnone wp-image-1945\" src=\"http:\/\/www.prich.org\/webprich\/wp-content\/uploads\/2020\/12\/fav-icon-300x300.png\" sizes=\"(max-width: 11px) 100vw, 11px\" srcset=\"http:\/\/www.prich.org\/webprich\/wp-content\/uploads\/2020\/12\/fav-icon-300x300.png 300w, http:\/\/www.prich.org\/webprich\/wp-content\/uploads\/2020\/12\/fav-icon-150x150.png 150w, http:\/\/www.prich.org\/webprich\/wp-content\/uploads\/2020\/12\/fav-icon.png 497w, http:\/\/www.prich.org\/webprich\/wp-content\/uploads\/2020\/12\/fav-icon-90x90.png 90w\" alt=\"\" width=\"11\" height=\"11\" \/> <span style=\"color: #99caee;\"><a style=\"color: #99caee;\" href=\"http:\/\/www.prich.org\/webprich\/comunicaciones-unificadas\/\">Comunicaciones Unificadas<\/a><\/span><br \/><span style=\"color: #99caee;\"><img decoding=\"async\" class=\"alignnone wp-image-1945\" src=\"http:\/\/www.prich.org\/webprich\/wp-content\/uploads\/2020\/12\/fav-icon-300x300.png\" sizes=\"(max-width: 11px) 100vw, 11px\" srcset=\"http:\/\/www.prich.org\/webprich\/wp-content\/uploads\/2020\/12\/fav-icon-300x300.png 300w, http:\/\/www.prich.org\/webprich\/wp-content\/uploads\/2020\/12\/fav-icon-150x150.png 150w, http:\/\/www.prich.org\/webprich\/wp-content\/uploads\/2020\/12\/fav-icon.png 497w, http:\/\/www.prich.org\/webprich\/wp-content\/uploads\/2020\/12\/fav-icon-90x90.png 90w\" alt=\"\" width=\"11\" height=\"11\" \/> <a style=\"color: #99caee;\" href=\"http:\/\/www.prich.org\/webprich\/gestion-de-clientes\/\">Gesti\u00f3n de Clientes<\/a><\/span><br \/><span style=\"color: #99caee;\"><img decoding=\"async\" class=\"alignnone wp-image-1945\" src=\"http:\/\/www.prich.org\/webprich\/wp-content\/uploads\/2020\/12\/fav-icon-300x300.png\" sizes=\"(max-width: 11px) 100vw, 11px\" srcset=\"http:\/\/www.prich.org\/webprich\/wp-content\/uploads\/2020\/12\/fav-icon-300x300.png 300w, http:\/\/www.prich.org\/webprich\/wp-content\/uploads\/2020\/12\/fav-icon-150x150.png 150w, http:\/\/www.prich.org\/webprich\/wp-content\/uploads\/2020\/12\/fav-icon.png 497w, http:\/\/www.prich.org\/webprich\/wp-content\/uploads\/2020\/12\/fav-icon-90x90.png 90w\" alt=\"\" width=\"11\" height=\"11\" \/> <a style=\"color: #99caee;\" href=\"http:\/\/www.prich.org\/webprich\/gestion-documental\/\">Gesti\u00f3n Documental<\/a><\/span><br \/><span style=\"color: #99caee;\"><img decoding=\"async\" class=\"alignnone wp-image-1945\" src=\"http:\/\/www.prich.org\/webprich\/wp-content\/uploads\/2020\/12\/fav-icon-300x300.png\" sizes=\"(max-width: 11px) 100vw, 11px\" srcset=\"http:\/\/www.prich.org\/webprich\/wp-content\/uploads\/2020\/12\/fav-icon-300x300.png 300w, http:\/\/www.prich.org\/webprich\/wp-content\/uploads\/2020\/12\/fav-icon-150x150.png 150w, http:\/\/www.prich.org\/webprich\/wp-content\/uploads\/2020\/12\/fav-icon.png 497w, http:\/\/www.prich.org\/webprich\/wp-content\/uploads\/2020\/12\/fav-icon-90x90.png 90w\" alt=\"\" width=\"11\" height=\"11\" \/> <a style=\"color: #99caee;\" href=\"http:\/\/www.prich.org\/webprich\/gestion-de-talento-humano\/\">Gesti\u00f3n de Talento Humano<\/a><\/span><br \/><span style=\"color: #99caee;\"><img decoding=\"async\" class=\"alignnone wp-image-1945\" src=\"http:\/\/www.prich.org\/webprich\/wp-content\/uploads\/2020\/12\/fav-icon-300x300.png\" sizes=\"(max-width: 11px) 100vw, 11px\" srcset=\"http:\/\/www.prich.org\/webprich\/wp-content\/uploads\/2020\/12\/fav-icon-300x300.png 300w, http:\/\/www.prich.org\/webprich\/wp-content\/uploads\/2020\/12\/fav-icon-150x150.png 150w, http:\/\/www.prich.org\/webprich\/wp-content\/uploads\/2020\/12\/fav-icon.png 497w, http:\/\/www.prich.org\/webprich\/wp-content\/uploads\/2020\/12\/fav-icon-90x90.png 90w\" alt=\"\" width=\"11\" height=\"11\" \/> <a style=\"color: #99caee;\" href=\"http:\/\/www.prich.org\/webprich\/plataforma-de-administracion-de-bodegas\/\">Plataforma de Administraci\u00f3n de Bodegas<\/a><\/span><br \/><span style=\"color: #99caee;\"><img decoding=\"async\" class=\"alignnone wp-image-1945\" src=\"http:\/\/www.prich.org\/webprich\/wp-content\/uploads\/2020\/12\/fav-icon-300x300.png\" sizes=\"(max-width: 11px) 100vw, 11px\" srcset=\"http:\/\/www.prich.org\/webprich\/wp-content\/uploads\/2020\/12\/fav-icon-300x300.png 300w, http:\/\/www.prich.org\/webprich\/wp-content\/uploads\/2020\/12\/fav-icon-150x150.png 150w, http:\/\/www.prich.org\/webprich\/wp-content\/uploads\/2020\/12\/fav-icon.png 497w, http:\/\/www.prich.org\/webprich\/wp-content\/uploads\/2020\/12\/fav-icon-90x90.png 90w\" alt=\"\" width=\"11\" height=\"11\" \/> <a style=\"color: #99caee;\" href=\"http:\/\/www.prich.org\/webprich\/plataforma-de-e-commerce\/\">Plataforma de E-Commerce<\/a><\/span><br \/><span style=\"color: #99caee;\"><img decoding=\"async\" class=\"alignnone wp-image-1945\" src=\"http:\/\/www.prich.org\/webprich\/wp-content\/uploads\/2020\/12\/fav-icon-300x300.png\" sizes=\"(max-width: 11px) 100vw, 11px\" srcset=\"http:\/\/www.prich.org\/webprich\/wp-content\/uploads\/2020\/12\/fav-icon-300x300.png 300w, http:\/\/www.prich.org\/webprich\/wp-content\/uploads\/2020\/12\/fav-icon-150x150.png 150w, http:\/\/www.prich.org\/webprich\/wp-content\/uploads\/2020\/12\/fav-icon.png 497w, http:\/\/www.prich.org\/webprich\/wp-content\/uploads\/2020\/12\/fav-icon-90x90.png 90w\" alt=\"\" width=\"11\" height=\"11\" \/> <a style=\"color: #99caee;\" href=\"http:\/\/www.prich.org\/webprich\/licenciamiento-de-herramienta-de-trabajo-y-ofimatica\/\">Licenciamiento de Herramienta de Trabajo y Ofim\u00e1tica<\/a><\/span><\/p>\t\t\t\t\t\t\t\t<\/div>\n\t\t\t\t<\/div>\n\t\t\t\t\t<\/div>\n\t\t<\/div>\n\t\t\t\t<div class=\"elementor-column elementor-col-50 elementor-top-column elementor-element elementor-element-bd038aa\" data-id=\"bd038aa\" data-element_type=\"column\" data-e-type=\"column\">\n\t\t\t<div class=\"elementor-widget-wrap elementor-element-populated\">\n\t\t\t\t\t\t<div class=\"elementor-element elementor-element-df0b99d elementor-widget elementor-widget-image\" data-id=\"df0b99d\" data-element_type=\"widget\" data-e-type=\"widget\" data-widget_type=\"image.default\">\n\t\t\t\t<div class=\"elementor-widget-container\">\n\t\t\t\t\t\t\t\t\t\t\t\t\t\t\t<img fetchpriority=\"high\" decoding=\"async\" width=\"720\" height=\"480\" src=\"https:\/\/www.prich.ec\/wp-content\/uploads\/2021\/01\/human-resource-2.jpg\" class=\"attachment-large size-large wp-image-3254\" alt=\"\" srcset=\"https:\/\/www.prich.ec\/wp-content\/uploads\/2021\/01\/human-resource-2.jpg 720w, https:\/\/www.prich.ec\/wp-content\/uploads\/2021\/01\/human-resource-2-300x200.jpg 300w\" sizes=\"(max-width: 720px) 100vw, 720px\" \/>\t\t\t\t\t\t\t\t\t\t\t\t\t\t\t<\/div>\n\t\t\t\t<\/div>\n\t\t\t\t\t<\/div>\n\t\t<\/div>\n\t\t\t\t\t<\/div>\n\t\t<\/section>\n\t\t\t\t<\/div>\n\t\t","protected":false},"excerpt":{"rendered":"<p>Gesti\u00f3n y Comunicaciones Soluciones enfocadas en la gesti\u00f3n y comunicaci\u00f3n empresarial que buscan transformar la forma de trabajo y la comunicaci\u00f3n, obteniendo como resultado una orquestaci\u00f3n operativa y una colaboraci\u00f3n eficaz en toda su organizaci\u00f3n y con sus clientes, apalancados en modelos as a service.\u00a0 Contact Center Comunicaciones Unificadas Gesti\u00f3n [&hellip;]<\/p>\n","protected":false},"author":1,"featured_media":0,"parent":0,"menu_order":0,"comment_status":"closed","ping_status":"closed","template":"","meta":{"footnotes":""},"class_list":["post-2236","page","type-page","status-publish","hentry"],"_links":{"self":[{"href":"https:\/\/www.prich.ec\/index.php?rest_route=\/wp\/v2\/pages\/2236","targetHints":{"allow":["GET"]}}],"collection":[{"href":"https:\/\/www.prich.ec\/index.php?rest_route=\/wp\/v2\/pages"}],"about":[{"href":"https:\/\/www.prich.ec\/index.php?rest_route=\/wp\/v2\/types\/page"}],"author":[{"embeddable":true,"href":"https:\/\/www.prich.ec\/index.php?rest_route=\/wp\/v2\/users\/1"}],"replies":[{"embeddable":true,"href":"https:\/\/www.prich.ec\/index.php?rest_route=%2Fwp%2Fv2%2Fcomments&post=2236"}],"version-history":[{"count":44,"href":"https:\/\/www.prich.ec\/index.php?rest_route=\/wp\/v2\/pages\/2236\/revisions"}],"predecessor-version":[{"id":4072,"href":"https:\/\/www.prich.ec\/index.php?rest_route=\/wp\/v2\/pages\/2236\/revisions\/4072"}],"wp:attachment":[{"href":"https:\/\/www.prich.ec\/index.php?rest_route=%2Fwp%2Fv2%2Fmedia&parent=2236"}],"curies":[{"name":"wp","href":"https:\/\/api.w.org\/{rel}","templated":true}]}}