{"id":2055,"date":"2020-12-28T06:06:48","date_gmt":"2020-12-28T06:06:48","guid":{"rendered":"http:\/\/www.prich.org\/webprich\/?page_id=2055"},"modified":"2021-01-19T21:56:21","modified_gmt":"2021-01-19T21:56:21","slug":"plataforma-de-gestion-pacientes-y-agendamiento-de-citas","status":"publish","type":"page","link":"https:\/\/www.prich.ec\/?page_id=2055","title":{"rendered":"Plataforma de Gesti\u00f3n Pacientes y Agendamiento de Citas"},"content":{"rendered":"\t\t<div data-elementor-type=\"wp-page\" data-elementor-id=\"2055\" class=\"elementor elementor-2055\">\n\t\t\t\t\t\t<section class=\"elementor-section elementor-top-section elementor-element elementor-element-6c00f13 elementor-section-content-middle elementor-section-boxed elementor-section-height-default elementor-section-height-default\" data-id=\"6c00f13\" data-element_type=\"section\" data-e-type=\"section\">\n\t\t\t\t\t\t<div class=\"elementor-container elementor-column-gap-wide\">\n\t\t\t\t\t<div class=\"elementor-column elementor-col-50 elementor-top-column elementor-element elementor-element-eca3398\" data-id=\"eca3398\" data-element_type=\"column\" data-e-type=\"column\">\n\t\t\t<div class=\"elementor-widget-wrap elementor-element-populated\">\n\t\t\t\t\t\t<section class=\"elementor-section elementor-inner-section elementor-element elementor-element-23f5a79 elementor-section-boxed elementor-section-height-default elementor-section-height-default\" data-id=\"23f5a79\" data-element_type=\"section\" data-e-type=\"section\">\n\t\t\t\t\t\t<div class=\"elementor-container elementor-column-gap-default\">\n\t\t\t\t\t<div class=\"elementor-column elementor-col-100 elementor-inner-column elementor-element elementor-element-5549e6d\" data-id=\"5549e6d\" data-element_type=\"column\" data-e-type=\"column\">\n\t\t\t<div class=\"elementor-widget-wrap elementor-element-populated\">\n\t\t\t\t\t\t<div class=\"elementor-element elementor-element-ef9b134 elementor-invisible elementor-widget elementor-widget-text-editor\" data-id=\"ef9b134\" data-element_type=\"widget\" data-e-type=\"widget\" data-settings=\"{&quot;_animation&quot;:&quot;fadeInLeft&quot;}\" data-widget_type=\"text-editor.default\">\n\t\t\t\t<div class=\"elementor-widget-container\">\n\t\t\t\t\t\t\t\t\t<p><strong><span style=\"color: #7faedd;\">Plataforma de Gesti\u00f3n de Pacientes y Agendamiento de Citas<\/span><\/strong><\/p>\t\t\t\t\t\t\t\t<\/div>\n\t\t\t\t<\/div>\n\t\t\t\t\t<\/div>\n\t\t<\/div>\n\t\t\t\t\t<\/div>\n\t\t<\/section>\n\t\t\t\t<div class=\"elementor-element elementor-element-85104b5 elementor-invisible elementor-widget elementor-widget-text-editor\" data-id=\"85104b5\" data-element_type=\"widget\" data-e-type=\"widget\" data-settings=\"{&quot;_animation&quot;:&quot;fadeInLeft&quot;}\" data-widget_type=\"text-editor.default\">\n\t\t\t\t<div class=\"elementor-widget-container\">\n\t\t\t\t\t\t\t\t\t<p>Plataforma cloud multi tenant que permite la gesti\u00f3n de citas y pacientes geogr\u00e1ficamente dispersos, utilizando sistemas inteligentes de georreferenciaci\u00f3n y de gest\u00edon de agendas para m\u00faltiples m\u00e9dicos, consultorios, Centros de Salud y\/o especialidades.<\/p>\t\t\t\t\t\t\t\t<\/div>\n\t\t\t\t<\/div>\n\t\t\t\t\t<\/div>\n\t\t<\/div>\n\t\t\t\t<div class=\"elementor-column elementor-col-50 elementor-top-column elementor-element elementor-element-0555db0\" data-id=\"0555db0\" data-element_type=\"column\" data-e-type=\"column\">\n\t\t\t<div class=\"elementor-widget-wrap elementor-element-populated\">\n\t\t\t\t\t\t<div class=\"elementor-element elementor-element-e9c01f9 elementor-widget elementor-widget-image\" data-id=\"e9c01f9\" data-element_type=\"widget\" data-e-type=\"widget\" data-widget_type=\"image.default\">\n\t\t\t\t<div class=\"elementor-widget-container\">\n\t\t\t\t\t\t\t\t\t\t\t\t\t\t\t<img fetchpriority=\"high\" decoding=\"async\" width=\"1024\" height=\"480\" src=\"https:\/\/www.prich.ec\/wp-content\/uploads\/2021\/01\/businessman-2-1024x480.png\" class=\"attachment-large size-large wp-image-2650\" alt=\"\" srcset=\"https:\/\/www.prich.ec\/wp-content\/uploads\/2021\/01\/businessman-2-1024x480.png 1024w, https:\/\/www.prich.ec\/wp-content\/uploads\/2021\/01\/businessman-2-300x140.png 300w, https:\/\/www.prich.ec\/wp-content\/uploads\/2021\/01\/businessman-2-768x360.png 768w, https:\/\/www.prich.ec\/wp-content\/uploads\/2021\/01\/businessman-2.png 1136w\" sizes=\"(max-width: 1024px) 100vw, 1024px\" \/>\t\t\t\t\t\t\t\t\t\t\t\t\t\t\t<\/div>\n\t\t\t\t<\/div>\n\t\t\t\t\t<\/div>\n\t\t<\/div>\n\t\t\t\t\t<\/div>\n\t\t<\/section>\n\t\t\t\t<section class=\"elementor-section elementor-top-section elementor-element elementor-element-dcda257 elementor-section-boxed elementor-section-height-default elementor-section-height-default\" data-id=\"dcda257\" data-element_type=\"section\" data-e-type=\"section\">\n\t\t\t\t\t\t<div class=\"elementor-container elementor-column-gap-default\">\n\t\t\t\t\t<div class=\"elementor-column elementor-col-100 elementor-top-column elementor-element elementor-element-0ad6746\" data-id=\"0ad6746\" data-element_type=\"column\" data-e-type=\"column\">\n\t\t\t<div class=\"elementor-widget-wrap elementor-element-populated\">\n\t\t\t\t\t\t<div class=\"elementor-element elementor-element-adfd4ba elementor-widget elementor-widget-spacer\" data-id=\"adfd4ba\" data-element_type=\"widget\" data-e-type=\"widget\" data-widget_type=\"spacer.default\">\n\t\t\t\t<div class=\"elementor-widget-container\">\n\t\t\t\t\t\t\t<div class=\"elementor-spacer\">\n\t\t\t<div class=\"elementor-spacer-inner\"><\/div>\n\t\t<\/div>\n\t\t\t\t\t\t<\/div>\n\t\t\t\t<\/div>\n\t\t\t\t\t<\/div>\n\t\t<\/div>\n\t\t\t\t\t<\/div>\n\t\t<\/section>\n\t\t\t\t<section class=\"elementor-section elementor-top-section elementor-element elementor-element-13e5ae0 elementor-section-boxed elementor-section-height-default elementor-section-height-default\" data-id=\"13e5ae0\" data-element_type=\"section\" data-e-type=\"section\">\n\t\t\t\t\t\t<div class=\"elementor-container elementor-column-gap-default\">\n\t\t\t\t\t<div class=\"elementor-column elementor-col-100 elementor-top-column elementor-element elementor-element-bc0988a\" data-id=\"bc0988a\" data-element_type=\"column\" data-e-type=\"column\">\n\t\t\t<div class=\"elementor-widget-wrap elementor-element-populated\">\n\t\t\t\t\t\t<div class=\"elementor-element elementor-element-fbc6eca elementor-widget elementor-widget-heading\" data-id=\"fbc6eca\" data-element_type=\"widget\" data-e-type=\"widget\" data-widget_type=\"heading.default\">\n\t\t\t\t<div class=\"elementor-widget-container\">\n\t\t\t\t\t<h3 class=\"elementor-heading-title elementor-size-default\">Phuyu Video<\/h3>\t\t\t\t<\/div>\n\t\t\t\t<\/div>\n\t\t\t\t\t<\/div>\n\t\t<\/div>\n\t\t\t\t\t<\/div>\n\t\t<\/section>\n\t\t\t\t<section class=\"elementor-section elementor-top-section elementor-element elementor-element-577edcc elementor-section-boxed elementor-section-height-default elementor-section-height-default\" data-id=\"577edcc\" data-element_type=\"section\" data-e-type=\"section\">\n\t\t\t\t\t\t<div class=\"elementor-container elementor-column-gap-default\">\n\t\t\t\t\t<div class=\"elementor-column elementor-col-33 elementor-top-column elementor-element elementor-element-f17e632\" data-id=\"f17e632\" data-element_type=\"column\" data-e-type=\"column\">\n\t\t\t<div class=\"elementor-widget-wrap\">\n\t\t\t\t\t\t\t<\/div>\n\t\t<\/div>\n\t\t\t\t<div class=\"elementor-column elementor-col-33 elementor-top-column elementor-element elementor-element-88bdbe5\" data-id=\"88bdbe5\" data-element_type=\"column\" data-e-type=\"column\">\n\t\t\t<div class=\"elementor-widget-wrap elementor-element-populated\">\n\t\t\t\t\t\t<div class=\"elementor-element elementor-element-d8c67b4 elementor-widget__width-initial elementor-widget elementor-widget-video\" data-id=\"d8c67b4\" data-element_type=\"widget\" data-e-type=\"widget\" data-settings=\"{&quot;youtube_url&quot;:&quot;https:\\\/\\\/www.youtube.com\\\/watch?v=gXGoe3b4AE4&amp;feature=youtu.be&quot;,&quot;show_image_overlay&quot;:&quot;yes&quot;,&quot;image_overlay&quot;:{&quot;url&quot;:&quot;http:\\\/\\\/www.prich.org\\\/webprich\\\/wp-content\\\/uploads\\\/2021\\\/01\\\/Phuyu-video-1.png&quot;,&quot;id&quot;:2657,&quot;size&quot;:&quot;&quot;},&quot;video_type&quot;:&quot;youtube&quot;,&quot;controls&quot;:&quot;yes&quot;}\" data-widget_type=\"video.default\">\n\t\t\t\t<div class=\"elementor-widget-container\">\n\t\t\t\t\t\t\t<div class=\"elementor-wrapper elementor-open-inline\">\n\t\t\t<div class=\"elementor-video\"><\/div>\t\t\t\t<div class=\"elementor-custom-embed-image-overlay\" style=\"background-image: url(https:\/\/www.prich.ec\/wp-content\/uploads\/2021\/01\/Phuyu-video-1.png);\">\n\t\t\t\t\t\t\t\t\t\t\t\t\t\t\t\t<div class=\"elementor-custom-embed-play\" role=\"button\" aria-label=\"Reproducir v\u00eddeo\" tabindex=\"0\">\n\t\t\t\t\t\t\t<i aria-hidden=\"true\" class=\"eicon-play\"><\/i>\t\t\t\t\t\t<\/div>\n\t\t\t\t\t\t\t\t\t<\/div>\n\t\t\t\t\t<\/div>\n\t\t\t\t\t\t<\/div>\n\t\t\t\t<\/div>\n\t\t\t\t\t<\/div>\n\t\t<\/div>\n\t\t\t\t<div class=\"elementor-column elementor-col-33 elementor-top-column elementor-element elementor-element-f5fff71\" data-id=\"f5fff71\" data-element_type=\"column\" data-e-type=\"column\">\n\t\t\t<div class=\"elementor-widget-wrap\">\n\t\t\t\t\t\t\t<\/div>\n\t\t<\/div>\n\t\t\t\t\t<\/div>\n\t\t<\/section>\n\t\t\t\t<section class=\"elementor-section elementor-top-section elementor-element elementor-element-514ed46 elementor-section-boxed elementor-section-height-default elementor-section-height-default\" data-id=\"514ed46\" data-element_type=\"section\" data-e-type=\"section\">\n\t\t\t\t\t\t<div class=\"elementor-container elementor-column-gap-default\">\n\t\t\t\t\t\t<\/div>\n\t\t<\/section>\n\t\t\t\t<section class=\"elementor-section elementor-top-section elementor-element elementor-element-b619652 elementor-section-boxed elementor-section-height-default elementor-section-height-default\" data-id=\"b619652\" data-element_type=\"section\" data-e-type=\"section\">\n\t\t\t\t\t\t<div class=\"elementor-container elementor-column-gap-default\">\n\t\t\t\t\t<div class=\"elementor-column elementor-col-100 elementor-top-column elementor-element elementor-element-f4fa9be\" data-id=\"f4fa9be\" data-element_type=\"column\" data-e-type=\"column\">\n\t\t\t<div class=\"elementor-widget-wrap elementor-element-populated\">\n\t\t\t\t\t\t<div class=\"elementor-element elementor-element-3a7e1de elementor-widget elementor-widget-spacer\" data-id=\"3a7e1de\" data-element_type=\"widget\" data-e-type=\"widget\" data-widget_type=\"spacer.default\">\n\t\t\t\t<div class=\"elementor-widget-container\">\n\t\t\t\t\t\t\t<div class=\"elementor-spacer\">\n\t\t\t<div class=\"elementor-spacer-inner\"><\/div>\n\t\t<\/div>\n\t\t\t\t\t\t<\/div>\n\t\t\t\t<\/div>\n\t\t\t\t\t<\/div>\n\t\t<\/div>\n\t\t\t\t\t<\/div>\n\t\t<\/section>\n\t\t\t\t<section class=\"elementor-section elementor-top-section elementor-element elementor-element-58f2216 elementor-section-boxed elementor-section-height-default elementor-section-height-default\" data-id=\"58f2216\" data-element_type=\"section\" data-e-type=\"section\">\n\t\t\t\t\t\t<div class=\"elementor-container elementor-column-gap-default\">\n\t\t\t\t\t<div class=\"elementor-column elementor-col-50 elementor-top-column elementor-element elementor-element-0bf0f7c\" data-id=\"0bf0f7c\" data-element_type=\"column\" data-e-type=\"column\">\n\t\t\t<div class=\"elementor-widget-wrap elementor-element-populated\">\n\t\t\t\t\t\t<div class=\"elementor-element elementor-element-c19cea1 elementor-widget elementor-widget-gyan_counter\" data-id=\"c19cea1\" data-element_type=\"widget\" data-e-type=\"widget\" data-widget_type=\"gyan_counter.default\">\n\t\t\t\t<div class=\"elementor-widget-container\">\n\t\t\t\t\t\t\t<div class=\"gyan-counter\">\r\n\r\n\r\n\t\t\r\n\r\n\t\t\t\r\n\t\t\t\t\t\t\t<span class=\"gyan-counter-icon gyan-icon\">\r\n\t\t\t\t\t<img decoding=\"async\" width=\"43\" height=\"60\" src=\"https:\/\/www.prich.ec\/wp-content\/uploads\/2021\/01\/Citas-atendidas.png\" class=\"attachment-full size-full wp-image-3602\" alt=\"\" \/>\t\t\t\t<\/span>\r\n\t\t\t\r\n\r\n\t\t\r\n\r\n\t\t\t\t\t\t\t<div class=\"gyan-counter-number-wrap\">\r\n\t\t\t\t\t\r\n\t\t\t\t\t<span class=\"gyan-counter-number\"\r\n\t\t\t\t\tdata-duration=\"2000\"\r\n\t\t\t\t\tdata-to-value=\"59224123\"\r\n\t\t\t\t\tdata-delimiter=\",\">\r\n\t\t\t\t\t\t10\t\t\t\t\t<\/span>\r\n\r\n\t\t\t\t\t\t\t\t\t<\/div>\r\n\t\t\t\r\n\t\t\t\t\t\t\t<h1 class=\"gyan-counter-title\">\r\n\t\t\t\t\tTotal citas entregadas\t\t\t\t<\/h1>\r\n\t\t\t\r\n\t\t\t<div class=\"clear\"><\/div>\r\n\t\t<\/div><!-- .gyan-counter -->\r\n\t\t\t\t\t\t<\/div>\n\t\t\t\t<\/div>\n\t\t\t\t\t<\/div>\n\t\t<\/div>\n\t\t\t\t<div class=\"elementor-column elementor-col-50 elementor-top-column elementor-element elementor-element-0221b8a\" data-id=\"0221b8a\" data-element_type=\"column\" data-e-type=\"column\">\n\t\t\t<div class=\"elementor-widget-wrap elementor-element-populated\">\n\t\t\t\t\t\t<div class=\"elementor-element elementor-element-f031db2 elementor-widget elementor-widget-gyan_counter\" data-id=\"f031db2\" data-element_type=\"widget\" data-e-type=\"widget\" data-widget_type=\"gyan_counter.default\">\n\t\t\t\t<div class=\"elementor-widget-container\">\n\t\t\t\t\t\t\t<div class=\"gyan-counter\">\r\n\r\n\r\n\t\t\r\n\r\n\t\t\t\r\n\t\t\t\t\t\t\t<span class=\"gyan-counter-icon gyan-icon\">\r\n\t\t\t\t\t<img decoding=\"async\" width=\"50\" height=\"50\" src=\"https:\/\/www.prich.ec\/wp-content\/uploads\/2020\/03\/icon-white-enterprise3.png\" class=\"attachment-full size-full wp-image-1426\" alt=\"\" \/>\t\t\t\t<\/span>\r\n\t\t\t\r\n\r\n\t\t\r\n\r\n\t\t\t\t\t\t\t<div class=\"gyan-counter-number-wrap\">\r\n\t\t\t\t\t\r\n\t\t\t\t\t<span class=\"gyan-counter-number\"\r\n\t\t\t\t\tdata-duration=\"2000\"\r\n\t\t\t\t\tdata-to-value=\"9789902\"\r\n\t\t\t\t\tdata-delimiter=\",\">\r\n\t\t\t\t\t\t100\t\t\t\t\t<\/span>\r\n\r\n\t\t\t\t\t\t\t\t\t<\/div>\r\n\t\t\t\r\n\t\t\t\t\t\t\t<h1 class=\"gyan-counter-title\">\r\n\t\t\t\t\tTotal pacientes atendidos\t\t\t\t<\/h1>\r\n\t\t\t\r\n\t\t\t<div class=\"clear\"><\/div>\r\n\t\t<\/div><!-- .gyan-counter -->\r\n\t\t\t\t\t\t<\/div>\n\t\t\t\t<\/div>\n\t\t\t\t\t<\/div>\n\t\t<\/div>\n\t\t\t\t\t<\/div>\n\t\t<\/section>\n\t\t\t\t<section class=\"elementor-section elementor-top-section elementor-element elementor-element-94ef8a0 elementor-section-boxed elementor-section-height-default elementor-section-height-default\" data-id=\"94ef8a0\" data-element_type=\"section\" data-e-type=\"section\">\n\t\t\t\t\t\t<div class=\"elementor-container elementor-column-gap-default\">\n\t\t\t\t\t<div class=\"elementor-column elementor-col-33 elementor-top-column elementor-element elementor-element-f0b9af5\" data-id=\"f0b9af5\" data-element_type=\"column\" data-e-type=\"column\">\n\t\t\t<div class=\"elementor-widget-wrap\">\n\t\t\t\t\t\t\t<\/div>\n\t\t<\/div>\n\t\t\t\t<div class=\"elementor-column elementor-col-33 elementor-top-column elementor-element elementor-element-cedce75\" data-id=\"cedce75\" data-element_type=\"column\" data-e-type=\"column\">\n\t\t\t<div class=\"elementor-widget-wrap\">\n\t\t\t\t\t\t\t<\/div>\n\t\t<\/div>\n\t\t\t\t<div class=\"elementor-column elementor-col-33 elementor-top-column elementor-element elementor-element-078f6a7\" data-id=\"078f6a7\" data-element_type=\"column\" data-e-type=\"column\">\n\t\t\t<div class=\"elementor-widget-wrap\">\n\t\t\t\t\t\t\t<\/div>\n\t\t<\/div>\n\t\t\t\t\t<\/div>\n\t\t<\/section>\n\t\t\t\t<\/div>\n\t\t","protected":false},"excerpt":{"rendered":"<p>Plataforma de Gesti\u00f3n de Pacientes y Agendamiento de Citas Plataforma cloud multi tenant que permite la gesti\u00f3n de citas y pacientes geogr\u00e1ficamente dispersos, utilizando sistemas inteligentes de georreferenciaci\u00f3n y de gest\u00edon de agendas para m\u00faltiples m\u00e9dicos, consultorios, Centros de Salud y\/o especialidades. Phuyu Video 10 Total citas entregadas 100 Total [&hellip;]<\/p>\n","protected":false},"author":1,"featured_media":0,"parent":0,"menu_order":0,"comment_status":"closed","ping_status":"closed","template":"","meta":{"footnotes":""},"class_list":["post-2055","page","type-page","status-publish","hentry"],"_links":{"self":[{"href":"https:\/\/www.prich.ec\/index.php?rest_route=\/wp\/v2\/pages\/2055","targetHints":{"allow":["GET"]}}],"collection":[{"href":"https:\/\/www.prich.ec\/index.php?rest_route=\/wp\/v2\/pages"}],"about":[{"href":"https:\/\/www.prich.ec\/index.php?rest_route=\/wp\/v2\/types\/page"}],"author":[{"embeddable":true,"href":"https:\/\/www.prich.ec\/index.php?rest_route=\/wp\/v2\/users\/1"}],"replies":[{"embeddable":true,"href":"https:\/\/www.prich.ec\/index.php?rest_route=%2Fwp%2Fv2%2Fcomments&post=2055"}],"version-history":[{"count":207,"href":"https:\/\/www.prich.ec\/index.php?rest_route=\/wp\/v2\/pages\/2055\/revisions"}],"predecessor-version":[{"id":3674,"href":"https:\/\/www.prich.ec\/index.php?rest_route=\/wp\/v2\/pages\/2055\/revisions\/3674"}],"wp:attachment":[{"href":"https:\/\/www.prich.ec\/index.php?rest_route=%2Fwp%2Fv2%2Fmedia&parent=2055"}],"curies":[{"name":"wp","href":"https:\/\/api.w.org\/{rel}","templated":true}]}}